{"id":592,"date":"2020-12-04T18:14:14","date_gmt":"2020-12-04T17:14:14","guid":{"rendered":"http:\/\/crodestination.pl\/?page_id=592"},"modified":"2020-12-21T21:41:57","modified_gmt":"2020-12-21T20:41:57","slug":"suradnja","status":"publish","type":"page","link":"https:\/\/crodestination.pl\/hr\/suradnja\/","title":{"rendered":"Suradnja"},"content":{"rendered":"\t\t<div data-elementor-type=\"wp-page\" data-elementor-id=\"592\" class=\"elementor elementor-592\" data-elementor-post-type=\"page\">\n\t\t\t\t\t\t<section class=\"elementor-section elementor-top-section elementor-element elementor-element-eb8516e elementor-section-full_width elementor-section-height-default elementor-section-height-default\" data-id=\"eb8516e\" data-element_type=\"section\" data-settings=\"{&quot;background_background&quot;:&quot;classic&quot;}\">\n\t\t\t\t\t\t\t<div class=\"elementor-background-overlay\"><\/div>\n\t\t\t\t\t\t\t<div class=\"elementor-container elementor-column-gap-default\">\n\t\t\t\t\t<div class=\"elementor-column elementor-col-100 elementor-top-column elementor-element elementor-element-e8b6a04\" data-id=\"e8b6a04\" data-element_type=\"column\">\n\t\t\t<div class=\"elementor-widget-wrap elementor-element-populated\">\n\t\t\t\t\t\t<div class=\"elementor-element elementor-element-d6f6c2f elementor-hidden-tablet elementor-hidden-phone elementor-widget-divider--view-line elementor-widget elementor-widget-divider\" data-id=\"d6f6c2f\" data-element_type=\"widget\" data-widget_type=\"divider.default\">\n\t\t\t\t<div class=\"elementor-widget-container\">\n\t\t\t\t\t\t\t<div class=\"elementor-divider\">\n\t\t\t<span class=\"elementor-divider-separator\">\n\t\t\t\t\t\t<\/span>\n\t\t<\/div>\n\t\t\t\t\t\t<\/div>\n\t\t\t\t<\/div>\n\t\t\t\t\t<\/div>\n\t\t<\/div>\n\t\t\t\t\t<\/div>\n\t\t<\/section>\n\t\t\t\t<section class=\"elementor-section elementor-top-section elementor-element elementor-element-efa8ee3 elementor-section-boxed elementor-section-height-default elementor-section-height-default\" data-id=\"efa8ee3\" data-element_type=\"section\">\n\t\t\t\t\t\t<div class=\"elementor-container elementor-column-gap-default\">\n\t\t\t\t\t<div class=\"elementor-column elementor-col-33 elementor-top-column elementor-element elementor-element-2d31583 elementor-invisible\" data-id=\"2d31583\" data-element_type=\"column\" data-settings=\"{&quot;animation&quot;:&quot;fadeInLeft&quot;}\">\n\t\t\t<div class=\"elementor-widget-wrap elementor-element-populated\">\n\t\t\t\t\t\t<div class=\"elementor-element elementor-element-87a0a8b elementor-widget__width-auto elementor-widget elementor-widget-heading\" data-id=\"87a0a8b\" data-element_type=\"widget\" data-widget_type=\"heading.default\">\n\t\t\t\t<div class=\"elementor-widget-container\">\n\t\t\t\t\t<h2 class=\"elementor-heading-title elementor-size-default\">Suradnja<\/h2>\t\t\t\t<\/div>\n\t\t\t\t<\/div>\n\t\t\t\t<div class=\"elementor-element elementor-element-049e177 elementor-widget elementor-widget-image\" data-id=\"049e177\" data-element_type=\"widget\" data-widget_type=\"image.default\">\n\t\t\t\t<div class=\"elementor-widget-container\">\n\t\t\t\t\t\t\t\t\t\t\t\t\t\t\t<img fetchpriority=\"high\" decoding=\"async\" width=\"1424\" height=\"2144\" src=\"https:\/\/crodestination.pl\/wp-content\/uploads\/2020\/12\/2-8.jpg\" class=\"attachment-full size-full wp-image-1209\" alt=\"\" srcset=\"https:\/\/crodestination.pl\/wp-content\/uploads\/2020\/12\/2-8.jpg 1424w, https:\/\/crodestination.pl\/wp-content\/uploads\/2020\/12\/2-8-199x300.jpg 199w, https:\/\/crodestination.pl\/wp-content\/uploads\/2020\/12\/2-8-680x1024.jpg 680w, https:\/\/crodestination.pl\/wp-content\/uploads\/2020\/12\/2-8-768x1156.jpg 768w, https:\/\/crodestination.pl\/wp-content\/uploads\/2020\/12\/2-8-1020x1536.jpg 1020w, https:\/\/crodestination.pl\/wp-content\/uploads\/2020\/12\/2-8-1360x2048.jpg 1360w\" sizes=\"(max-width: 1424px) 100vw, 1424px\" \/>\t\t\t\t\t\t\t\t\t\t\t\t\t\t\t<\/div>\n\t\t\t\t<\/div>\n\t\t\t\t\t<\/div>\n\t\t<\/div>\n\t\t\t\t<div class=\"elementor-column elementor-col-66 elementor-top-column elementor-element elementor-element-828defd elementor-invisible\" data-id=\"828defd\" data-element_type=\"column\" data-settings=\"{&quot;animation&quot;:&quot;slideInRight&quot;}\">\n\t\t\t<div class=\"elementor-widget-wrap elementor-element-populated\">\n\t\t\t\t\t\t<div class=\"elementor-element elementor-element-4c5eb64 elementor-widget elementor-widget-text-editor\" data-id=\"4c5eb64\" data-element_type=\"widget\" data-widget_type=\"text-editor.default\">\n\t\t\t\t<div class=\"elementor-widget-container\">\n\t\t\t\t\t\t\t\t\t<p>Pozivam sve zainteresirane osobe, institucije, tvrtke, poduze\u0107a, turisti\u010dke agencije, na suradnju u \u0161irokom okviru. Pored ostalog, nudim vlastito znanje i iskustvo u turizmu, te pozivam da me kontaktirate u vezi sljede\u0107eg:<u><\/u><u><\/u><\/p>\n<p>c\u2013 Luxury and Exclusive private tours,<\/p>\n<p>\u2013 organizacija \u0161irokog spektra zabava i prigodnih priredbi, eventa, na podru\u010dju cijele Hrvatske,<\/p>\n<p>\u2013 organizacija obuke na podru\u010dju cijele Hrvatske,<\/p>\n<p>\u2013 pomo\u0107 kod rezervacija lokalnih vodi\u010da za grupe turista\/organizirane, kao i kod dodatnih<br>aran\u017emana, obroka tijekom putovanja, transfera, ku\u0161anja, folklornih ve\u010deri, i sl.,<\/p>\n<p>\u2013 pisanje programa turisti\u010dkih doga\u0111aja koji uklju\u010duju turisti\u010dke izlete sa rutom za razgledanje (i tematska putovanja) na podru\u010dju Hrvatske, kao i drugih susjednih dr\u017eava, tj. Slovenije, Bosne i Hercegovine, Crne Gore, Srbije, Makedonije, Kosova i Albanije (u tome programi za grupe Incentiv),<\/p>\n<p>\u2013 prijevodi s hrvatskog jezika,<\/p>\n<p>\u2013 konsultacije za institucije iz podru\u010dja kulture, dru\u0161tvenih i informacijskih djelatnosti, o i znanju na temu aktualne situacije u Hrvatskoj i biv\u0161im dr\u017eavama Jugoslavije,<\/p>\n<p>\u2013 podu\u010davanje jezika (hrvatski jezik),<u><\/u><u><\/u><\/p>\n<p>&#8211; usluge vodi\u010da i turisti\u010dkog pratilelja.<\/p>\t\t\t\t\t\t\t\t<\/div>\n\t\t\t\t<\/div>\n\t\t\t\t\t<\/div>\n\t\t<\/div>\n\t\t\t\t\t<\/div>\n\t\t<\/section>\n\t\t\t\t<\/div>\n\t\t","protected":false},"excerpt":{"rendered":"<p>Suradnja Pozivam sve zainteresirane osobe, institucije, tvrtke, poduze\u0107a, turisti\u010dke agencije, na suradnju u \u0161irokom okviru. Pored ostalog, nudim vlastito znanje i iskustvo u turizmu, te pozivam da me kontaktirate u vezi sljede\u0107eg: c? Luxury and Exclusive private tours, ? organizacija \u0161irokog spektra zabava i prigodnih priredbi, eventa, na podru\u010dju cijele Hrvatske, ? organizacija obuke na [&hellip;]<\/p>\n","protected":false},"author":1,"featured_media":0,"parent":0,"menu_order":0,"comment_status":"closed","ping_status":"closed","template":"","meta":{"footnotes":""},"yoast_head":"<!-- This site is optimized with the Yoast SEO plugin v21.8 - https:\/\/yoast.com\/wordpress\/plugins\/seo\/ -->\n<title>Suradnja - Crodestination<\/title>\n<meta name=\"robots\" content=\"index, follow, max-snippet:-1, max-image-preview:large, max-video-preview:-1\" \/>\n<link rel=\"canonical\" href=\"https:\/\/crodestination.pl\/hr\/wspolpraca\/\" \/>\n<meta property=\"og:locale\" content=\"hr_HR\" \/>\n<meta property=\"og:type\" content=\"article\" \/>\n<meta property=\"og:title\" content=\"Suradnja - Crodestination\" \/>\n<meta property=\"og:description\" content=\"Suradnja Pozivam sve zainteresirane osobe, institucije, tvrtke, poduze\u0107a, turisti\u010dke agencije, na suradnju u \u0161irokom okviru. Pored ostalog, nudim vlastito znanje i iskustvo u turizmu, te pozivam da me kontaktirate u vezi sljede\u0107eg: c? Luxury and Exclusive private tours, ? organizacija \u0161irokog spektra zabava i prigodnih priredbi, eventa, na podru\u010dju cijele Hrvatske, ? organizacija obuke na [&hellip;]\" \/>\n<meta property=\"og:url\" content=\"https:\/\/crodestination.pl\/wspolpraca\/\" \/>\n<meta property=\"og:site_name\" content=\"Crodestination\" \/>\n<meta property=\"article:modified_time\" content=\"2020-12-21T20:41:57+00:00\" \/>\n<meta property=\"og:image\" content=\"https:\/\/crodestination.pl\/wp-content\/uploads\/2020\/12\/2-8.jpg\" \/>\n<meta name=\"twitter:card\" content=\"summary_large_image\" \/>\n<meta name=\"twitter:label1\" content=\"Procijenjeno vrijeme \u010ditanja\" \/>\n\t<meta name=\"twitter:data1\" content=\"1 minuta\" \/>\n<script type=\"application\/ld+json\" class=\"yoast-schema-graph\">{\"@context\":\"https:\/\/schema.org\",\"@graph\":[{\"@type\":\"WebPage\",\"@id\":\"https:\/\/crodestination.pl\/wspolpraca\/\",\"url\":\"https:\/\/crodestination.pl\/wspolpraca\/\",\"name\":\"Suradnja - Crodestination\",\"isPartOf\":{\"@id\":\"https:\/\/crodestination.pl\/#website\"},\"datePublished\":\"2020-12-04T17:14:14+00:00\",\"dateModified\":\"2020-12-21T20:41:57+00:00\",\"breadcrumb\":{\"@id\":\"https:\/\/crodestination.pl\/wspolpraca\/#breadcrumb\"},\"inLanguage\":\"hr\",\"potentialAction\":[{\"@type\":\"ReadAction\",\"target\":[\"https:\/\/crodestination.pl\/wspolpraca\/\"]}]},{\"@type\":\"BreadcrumbList\",\"@id\":\"https:\/\/crodestination.pl\/wspolpraca\/#breadcrumb\",\"itemListElement\":[{\"@type\":\"ListItem\",\"position\":1,\"name\":\"Strona g\u0142\u00f3wna\",\"item\":\"https:\/\/crodestination.pl\/\"},{\"@type\":\"ListItem\",\"position\":2,\"name\":\"Suradnja\"}]},{\"@type\":\"WebSite\",\"@id\":\"https:\/\/crodestination.pl\/#website\",\"url\":\"https:\/\/crodestination.pl\/\",\"name\":\"Crodestination\",\"description\":\"Zapraszamy na wsp\u00f3lne podr\u00f3\u017ce do Chorwacji.\",\"potentialAction\":[{\"@type\":\"SearchAction\",\"target\":{\"@type\":\"EntryPoint\",\"urlTemplate\":\"https:\/\/crodestination.pl\/?s={search_term_string}\"},\"query-input\":\"required name=search_term_string\"}],\"inLanguage\":\"hr\"}]}<\/script>\n<!-- \/ Yoast SEO plugin. -->","yoast_head_json":{"title":"Suradnja - Crodestination","robots":{"index":"index","follow":"follow","max-snippet":"max-snippet:-1","max-image-preview":"max-image-preview:large","max-video-preview":"max-video-preview:-1"},"canonical":"https:\/\/crodestination.pl\/hr\/wspolpraca\/","og_locale":"hr_HR","og_type":"article","og_title":"Suradnja - Crodestination","og_description":"Suradnja Pozivam sve zainteresirane osobe, institucije, tvrtke, poduze\u0107a, turisti\u010dke agencije, na suradnju u \u0161irokom okviru. Pored ostalog, nudim vlastito znanje i iskustvo u turizmu, te pozivam da me kontaktirate u vezi sljede\u0107eg: c? Luxury and Exclusive private tours, ? organizacija \u0161irokog spektra zabava i prigodnih priredbi, eventa, na podru\u010dju cijele Hrvatske, ? organizacija obuke na [&hellip;]","og_url":"https:\/\/crodestination.pl\/wspolpraca\/","og_site_name":"Crodestination","article_modified_time":"2020-12-21T20:41:57+00:00","og_image":[{"url":"https:\/\/crodestination.pl\/wp-content\/uploads\/2020\/12\/2-8.jpg"}],"twitter_card":"summary_large_image","twitter_misc":{"Procijenjeno vrijeme \u010ditanja":"1 minuta"},"schema":{"@context":"https:\/\/schema.org","@graph":[{"@type":"WebPage","@id":"https:\/\/crodestination.pl\/wspolpraca\/","url":"https:\/\/crodestination.pl\/wspolpraca\/","name":"Suradnja - Crodestination","isPartOf":{"@id":"https:\/\/crodestination.pl\/#website"},"datePublished":"2020-12-04T17:14:14+00:00","dateModified":"2020-12-21T20:41:57+00:00","breadcrumb":{"@id":"https:\/\/crodestination.pl\/wspolpraca\/#breadcrumb"},"inLanguage":"hr","potentialAction":[{"@type":"ReadAction","target":["https:\/\/crodestination.pl\/wspolpraca\/"]}]},{"@type":"BreadcrumbList","@id":"https:\/\/crodestination.pl\/wspolpraca\/#breadcrumb","itemListElement":[{"@type":"ListItem","position":1,"name":"Strona g\u0142\u00f3wna","item":"https:\/\/crodestination.pl\/"},{"@type":"ListItem","position":2,"name":"Suradnja"}]},{"@type":"WebSite","@id":"https:\/\/crodestination.pl\/#website","url":"https:\/\/crodestination.pl\/","name":"Crodestination","description":"Zapraszamy na wsp\u00f3lne podr\u00f3\u017ce do Chorwacji.","potentialAction":[{"@type":"SearchAction","target":{"@type":"EntryPoint","urlTemplate":"https:\/\/crodestination.pl\/?s={search_term_string}"},"query-input":"required name=search_term_string"}],"inLanguage":"hr"}]}},"_links":{"self":[{"href":"https:\/\/crodestination.pl\/hr\/wp-json\/wp\/v2\/pages\/592"}],"collection":[{"href":"https:\/\/crodestination.pl\/hr\/wp-json\/wp\/v2\/pages"}],"about":[{"href":"https:\/\/crodestination.pl\/hr\/wp-json\/wp\/v2\/types\/page"}],"author":[{"embeddable":true,"href":"https:\/\/crodestination.pl\/hr\/wp-json\/wp\/v2\/users\/1"}],"replies":[{"embeddable":true,"href":"https:\/\/crodestination.pl\/hr\/wp-json\/wp\/v2\/comments?post=592"}],"version-history":[{"count":25,"href":"https:\/\/crodestination.pl\/hr\/wp-json\/wp\/v2\/pages\/592\/revisions"}],"predecessor-version":[{"id":1556,"href":"https:\/\/crodestination.pl\/hr\/wp-json\/wp\/v2\/pages\/592\/revisions\/1556"}],"wp:attachment":[{"href":"https:\/\/crodestination.pl\/hr\/wp-json\/wp\/v2\/media?parent=592"}],"curies":[{"name":"wp","href":"https:\/\/api.w.org\/{rel}","templated":true}]}}