{"id":1272,"date":"2020-12-09T19:53:04","date_gmt":"2020-12-09T18:53:04","guid":{"rendered":"https:\/\/crodestination.pl\/?page_id=1272"},"modified":"2020-12-21T22:17:29","modified_gmt":"2020-12-21T21:17:29","slug":"politika-privatnosti","status":"publish","type":"page","link":"https:\/\/crodestination.pl\/hr\/politika-privatnosti\/","title":{"rendered":"Politika privatnosti"},"content":{"rendered":"\t\t<div data-elementor-type=\"wp-page\" data-elementor-id=\"1272\" class=\"elementor elementor-1272\" data-elementor-post-type=\"page\">\n\t\t\t\t\t\t<section class=\"elementor-section elementor-top-section elementor-element elementor-element-64fd2e3 elementor-section-boxed elementor-section-height-default elementor-section-height-default\" data-id=\"64fd2e3\" data-element_type=\"section\">\n\t\t\t\t\t\t<div class=\"elementor-container elementor-column-gap-default\">\n\t\t\t\t\t<div class=\"elementor-column elementor-col-33 elementor-top-column elementor-element elementor-element-3d1bec3 elementor-invisible\" data-id=\"3d1bec3\" data-element_type=\"column\" data-settings=\"{&quot;animation&quot;:&quot;fadeInLeft&quot;}\">\n\t\t\t<div class=\"elementor-widget-wrap elementor-element-populated\">\n\t\t\t\t\t\t<div class=\"elementor-element elementor-element-64c9ee5 elementor-widget__width-auto elementor-widget elementor-widget-heading\" data-id=\"64c9ee5\" data-element_type=\"widget\" data-widget_type=\"heading.default\">\n\t\t\t\t<div class=\"elementor-widget-container\">\n\t\t\t\t\t<h2 class=\"elementor-heading-title elementor-size-default\">Izjava<br>o kola\u010di\u0107ima<\/h2>\t\t\t\t<\/div>\n\t\t\t\t<\/div>\n\t\t\t\t\t<\/div>\n\t\t<\/div>\n\t\t\t\t<div class=\"elementor-column elementor-col-66 elementor-top-column elementor-element elementor-element-7c35255 elementor-invisible\" data-id=\"7c35255\" data-element_type=\"column\" data-settings=\"{&quot;animation&quot;:&quot;fadeInRight&quot;}\">\n\t\t\t<div class=\"elementor-widget-wrap elementor-element-populated\">\n\t\t\t\t\t\t<div class=\"elementor-element elementor-element-9c812d4 elementor-widget elementor-widget-text-editor\" data-id=\"9c812d4\" data-element_type=\"widget\" data-widget_type=\"text-editor.default\">\n\t\t\t\t<div class=\"elementor-widget-container\">\n\t\t\t\t\t\t\t\t\t<p>Operator servisa <a href=\"http:\/\/home.pl\/\" target=\"_blank\" rel=\"noopener\" data-saferedirecturl=\"https:\/\/www.google.com\/url?q=http:\/\/home.pl&amp;source=gmail&amp;ust=1608668771410000&amp;usg=AFQjCNHAyTjHw240KhOU2LviKOu7aSZ9zg\">home.pl<\/a> OIB: <a href=\"tel:852-21-03-252\" target=\"_blank\" rel=\"noopener\">852-21-03-252<\/a>, u svojoj poslovnoj jedinici u Szczecinu, Zbo\u017cowa cesta 4, kao voditelj obrade va\u0161ih osobnih podataka, koristi i \u0161titi sve informacije koje nam dostavljate kada koristite web stranicu www.crodestination,pl i na\u0161e ostale usluge, osobito u pogledu obrade osobnih podataka u pru\u017eanju svojih usluga.<\/p><p>Osobni podatak je svaka informacija koja se odnosi na odre\u0111enu fizi\u010dku osobu ili fizi\u010dku osobu koja se mo\u017ee odrediti. Konkretno, osobnim podacima smatraju se svi podaci kojima se utvr\u0111uje identitet korisnika (primjerice ime i prezime, e-mail adresa, adresa stanovanja i sl.).<br \/>Obrada osobnih podataka je svaka radnja ili skup radnji izvr\u0161enih na osobnim podacima, bilo automatskim sredstvima ili ne, kao \u0161to je prikupljanje, snimanje, organiziranje, spremanje, prilagodba ili izmjena, povla\u010denje, uvid, kori\u0161tenje, otkrivanje putem prijenosa, objavljivanje ili na drugi na\u010din u\u010dinjenih dostupnim, svrstavanje ili kombiniranje, blokiranje, brisanje ili uni\u0161tavanje, te provedba logi\u010dkih, matemati\u010dkih i drugih operacija s tim podacima.<\/p><p>\u00a0<\/p>\t\t\t\t\t\t\t\t<\/div>\n\t\t\t\t<\/div>\n\t\t\t\t\t<\/div>\n\t\t<\/div>\n\t\t\t\t\t<\/div>\n\t\t<\/section>\n\t\t\t\t<\/div>\n\t\t","protected":false},"excerpt":{"rendered":"<p>Izjavao kola\u010di\u0107ima Operator servisa home.pl OIB: 852-21-03-252, u svojoj poslovnoj jedinici u Szczecinu, Zbo\u017cowa cesta 4, kao voditelj obrade va\u0161ih osobnih podataka, koristi i \u0161titi sve informacije koje nam dostavljate kada koristite web stranicu www.crodestination,pl i na\u0161e ostale usluge, osobito u pogledu obrade osobnih podataka u pru\u017eanju svojih usluga. Osobni podatak je svaka informacija koja [&hellip;]<\/p>\n","protected":false},"author":1,"featured_media":0,"parent":0,"menu_order":0,"comment_status":"closed","ping_status":"closed","template":"elementor_header_footer","meta":{"footnotes":""},"yoast_head":"<!-- This site is optimized with the Yoast SEO plugin v21.8 - https:\/\/yoast.com\/wordpress\/plugins\/seo\/ -->\n<title>Politika privatnosti - Crodestination<\/title>\n<meta name=\"robots\" content=\"index, follow, max-snippet:-1, max-image-preview:large, max-video-preview:-1\" \/>\n<link rel=\"canonical\" href=\"https:\/\/crodestination.pl\/hr\/polityka-prywatnosci\/\" \/>\n<meta property=\"og:locale\" content=\"hr_HR\" \/>\n<meta property=\"og:type\" content=\"article\" \/>\n<meta property=\"og:title\" content=\"Politika privatnosti - Crodestination\" \/>\n<meta property=\"og:description\" content=\"Izjavao kola\u010di\u0107ima Operator servisa home.pl OIB: 852-21-03-252, u svojoj poslovnoj jedinici u Szczecinu, Zbo\u017cowa cesta 4, kao voditelj obrade va\u0161ih osobnih podataka, koristi i \u0161titi sve informacije koje nam dostavljate kada koristite web stranicu www.crodestination,pl i na\u0161e ostale usluge, osobito u pogledu obrade osobnih podataka u pru\u017eanju svojih usluga. Osobni podatak je svaka informacija koja [&hellip;]\" \/>\n<meta property=\"og:url\" content=\"https:\/\/crodestination.pl\/polityka-prywatnosci\/\" \/>\n<meta property=\"og:site_name\" content=\"Crodestination\" \/>\n<meta property=\"article:modified_time\" content=\"2020-12-21T21:17:29+00:00\" \/>\n<meta name=\"twitter:card\" content=\"summary_large_image\" \/>\n<meta name=\"twitter:label1\" content=\"Procijenjeno vrijeme \u010ditanja\" \/>\n\t<meta name=\"twitter:data1\" content=\"1 minuta\" \/>\n<script type=\"application\/ld+json\" class=\"yoast-schema-graph\">{\"@context\":\"https:\/\/schema.org\",\"@graph\":[{\"@type\":\"WebPage\",\"@id\":\"https:\/\/crodestination.pl\/polityka-prywatnosci\/\",\"url\":\"https:\/\/crodestination.pl\/polityka-prywatnosci\/\",\"name\":\"Politika privatnosti - Crodestination\",\"isPartOf\":{\"@id\":\"https:\/\/crodestination.pl\/#website\"},\"datePublished\":\"2020-12-09T18:53:04+00:00\",\"dateModified\":\"2020-12-21T21:17:29+00:00\",\"breadcrumb\":{\"@id\":\"https:\/\/crodestination.pl\/polityka-prywatnosci\/#breadcrumb\"},\"inLanguage\":\"hr\",\"potentialAction\":[{\"@type\":\"ReadAction\",\"target\":[\"https:\/\/crodestination.pl\/polityka-prywatnosci\/\"]}]},{\"@type\":\"BreadcrumbList\",\"@id\":\"https:\/\/crodestination.pl\/polityka-prywatnosci\/#breadcrumb\",\"itemListElement\":[{\"@type\":\"ListItem\",\"position\":1,\"name\":\"Strona g\u0142\u00f3wna\",\"item\":\"https:\/\/crodestination.pl\/\"},{\"@type\":\"ListItem\",\"position\":2,\"name\":\"Politika privatnosti\"}]},{\"@type\":\"WebSite\",\"@id\":\"https:\/\/crodestination.pl\/#website\",\"url\":\"https:\/\/crodestination.pl\/\",\"name\":\"Crodestination\",\"description\":\"Zapraszamy na wsp\u00f3lne podr\u00f3\u017ce do Chorwacji.\",\"potentialAction\":[{\"@type\":\"SearchAction\",\"target\":{\"@type\":\"EntryPoint\",\"urlTemplate\":\"https:\/\/crodestination.pl\/?s={search_term_string}\"},\"query-input\":\"required name=search_term_string\"}],\"inLanguage\":\"hr\"}]}<\/script>\n<!-- \/ Yoast SEO plugin. -->","yoast_head_json":{"title":"Politika privatnosti - Crodestination","robots":{"index":"index","follow":"follow","max-snippet":"max-snippet:-1","max-image-preview":"max-image-preview:large","max-video-preview":"max-video-preview:-1"},"canonical":"https:\/\/crodestination.pl\/hr\/polityka-prywatnosci\/","og_locale":"hr_HR","og_type":"article","og_title":"Politika privatnosti - Crodestination","og_description":"Izjavao kola\u010di\u0107ima Operator servisa home.pl OIB: 852-21-03-252, u svojoj poslovnoj jedinici u Szczecinu, Zbo\u017cowa cesta 4, kao voditelj obrade va\u0161ih osobnih podataka, koristi i \u0161titi sve informacije koje nam dostavljate kada koristite web stranicu www.crodestination,pl i na\u0161e ostale usluge, osobito u pogledu obrade osobnih podataka u pru\u017eanju svojih usluga. Osobni podatak je svaka informacija koja [&hellip;]","og_url":"https:\/\/crodestination.pl\/polityka-prywatnosci\/","og_site_name":"Crodestination","article_modified_time":"2020-12-21T21:17:29+00:00","twitter_card":"summary_large_image","twitter_misc":{"Procijenjeno vrijeme \u010ditanja":"1 minuta"},"schema":{"@context":"https:\/\/schema.org","@graph":[{"@type":"WebPage","@id":"https:\/\/crodestination.pl\/polityka-prywatnosci\/","url":"https:\/\/crodestination.pl\/polityka-prywatnosci\/","name":"Politika privatnosti - Crodestination","isPartOf":{"@id":"https:\/\/crodestination.pl\/#website"},"datePublished":"2020-12-09T18:53:04+00:00","dateModified":"2020-12-21T21:17:29+00:00","breadcrumb":{"@id":"https:\/\/crodestination.pl\/polityka-prywatnosci\/#breadcrumb"},"inLanguage":"hr","potentialAction":[{"@type":"ReadAction","target":["https:\/\/crodestination.pl\/polityka-prywatnosci\/"]}]},{"@type":"BreadcrumbList","@id":"https:\/\/crodestination.pl\/polityka-prywatnosci\/#breadcrumb","itemListElement":[{"@type":"ListItem","position":1,"name":"Strona g\u0142\u00f3wna","item":"https:\/\/crodestination.pl\/"},{"@type":"ListItem","position":2,"name":"Politika privatnosti"}]},{"@type":"WebSite","@id":"https:\/\/crodestination.pl\/#website","url":"https:\/\/crodestination.pl\/","name":"Crodestination","description":"Zapraszamy na wsp\u00f3lne podr\u00f3\u017ce do Chorwacji.","potentialAction":[{"@type":"SearchAction","target":{"@type":"EntryPoint","urlTemplate":"https:\/\/crodestination.pl\/?s={search_term_string}"},"query-input":"required name=search_term_string"}],"inLanguage":"hr"}]}},"_links":{"self":[{"href":"https:\/\/crodestination.pl\/hr\/wp-json\/wp\/v2\/pages\/1272"}],"collection":[{"href":"https:\/\/crodestination.pl\/hr\/wp-json\/wp\/v2\/pages"}],"about":[{"href":"https:\/\/crodestination.pl\/hr\/wp-json\/wp\/v2\/types\/page"}],"author":[{"embeddable":true,"href":"https:\/\/crodestination.pl\/hr\/wp-json\/wp\/v2\/users\/1"}],"replies":[{"embeddable":true,"href":"https:\/\/crodestination.pl\/hr\/wp-json\/wp\/v2\/comments?post=1272"}],"version-history":[{"count":10,"href":"https:\/\/crodestination.pl\/hr\/wp-json\/wp\/v2\/pages\/1272\/revisions"}],"predecessor-version":[{"id":1576,"href":"https:\/\/crodestination.pl\/hr\/wp-json\/wp\/v2\/pages\/1272\/revisions\/1576"}],"wp:attachment":[{"href":"https:\/\/crodestination.pl\/hr\/wp-json\/wp\/v2\/media?parent=1272"}],"curies":[{"name":"wp","href":"https:\/\/api.w.org\/{rel}","templated":true}]}}