{"id":579,"date":"2020-12-04T18:10:48","date_gmt":"2020-12-04T17:10:48","guid":{"rendered":"http:\/\/crodestination.pl\/?page_id=579"},"modified":"2020-12-10T18:28:03","modified_gmt":"2020-12-10T17:28:03","slug":"cooperate","status":"publish","type":"page","link":"https:\/\/crodestination.pl\/en\/cooperate\/","title":{"rendered":"Cooperate"},"content":{"rendered":"\t\t<div data-elementor-type=\"wp-page\" data-elementor-id=\"579\" class=\"elementor elementor-579\" data-elementor-post-type=\"page\">\n\t\t\t\t\t\t<section class=\"elementor-section elementor-top-section elementor-element elementor-element-eb8516e elementor-section-full_width elementor-section-height-default elementor-section-height-default\" data-id=\"eb8516e\" data-element_type=\"section\" data-settings=\"{&quot;background_background&quot;:&quot;classic&quot;}\">\n\t\t\t\t\t\t\t<div class=\"elementor-background-overlay\"><\/div>\n\t\t\t\t\t\t\t<div class=\"elementor-container elementor-column-gap-default\">\n\t\t\t\t\t<div class=\"elementor-column elementor-col-100 elementor-top-column elementor-element elementor-element-e8b6a04\" data-id=\"e8b6a04\" data-element_type=\"column\">\n\t\t\t<div class=\"elementor-widget-wrap elementor-element-populated\">\n\t\t\t\t\t\t<div class=\"elementor-element elementor-element-d6f6c2f elementor-hidden-tablet elementor-hidden-phone elementor-widget-divider--view-line elementor-widget elementor-widget-divider\" data-id=\"d6f6c2f\" data-element_type=\"widget\" data-widget_type=\"divider.default\">\n\t\t\t\t<div class=\"elementor-widget-container\">\n\t\t\t\t\t\t\t<div class=\"elementor-divider\">\n\t\t\t<span class=\"elementor-divider-separator\">\n\t\t\t\t\t\t<\/span>\n\t\t<\/div>\n\t\t\t\t\t\t<\/div>\n\t\t\t\t<\/div>\n\t\t\t\t\t<\/div>\n\t\t<\/div>\n\t\t\t\t\t<\/div>\n\t\t<\/section>\n\t\t\t\t<section class=\"elementor-section elementor-top-section elementor-element elementor-element-efa8ee3 elementor-section-boxed elementor-section-height-default elementor-section-height-default\" data-id=\"efa8ee3\" data-element_type=\"section\">\n\t\t\t\t\t\t<div class=\"elementor-container elementor-column-gap-default\">\n\t\t\t\t\t<div class=\"elementor-column elementor-col-33 elementor-top-column elementor-element elementor-element-2d31583 elementor-invisible\" data-id=\"2d31583\" data-element_type=\"column\" data-settings=\"{&quot;animation&quot;:&quot;fadeInLeft&quot;}\">\n\t\t\t<div class=\"elementor-widget-wrap elementor-element-populated\">\n\t\t\t\t\t\t<div class=\"elementor-element elementor-element-87a0a8b elementor-widget__width-initial elementor-widget elementor-widget-heading\" data-id=\"87a0a8b\" data-element_type=\"widget\" data-widget_type=\"heading.default\">\n\t\t\t\t<div class=\"elementor-widget-container\">\n\t\t\t\t\t<h2 class=\"elementor-heading-title elementor-size-default\">Cooperate<\/h2>\t\t\t\t<\/div>\n\t\t\t\t<\/div>\n\t\t\t\t<div class=\"elementor-element elementor-element-6986825 elementor-widget elementor-widget-image\" data-id=\"6986825\" data-element_type=\"widget\" data-widget_type=\"image.default\">\n\t\t\t\t<div class=\"elementor-widget-container\">\n\t\t\t\t\t\t\t\t\t\t\t\t\t\t\t<img fetchpriority=\"high\" decoding=\"async\" width=\"1424\" height=\"2144\" src=\"https:\/\/crodestination.pl\/wp-content\/uploads\/2020\/12\/2-8.jpg\" class=\"attachment-full size-full wp-image-1209\" alt=\"\" srcset=\"https:\/\/crodestination.pl\/wp-content\/uploads\/2020\/12\/2-8.jpg 1424w, https:\/\/crodestination.pl\/wp-content\/uploads\/2020\/12\/2-8-199x300.jpg 199w, https:\/\/crodestination.pl\/wp-content\/uploads\/2020\/12\/2-8-680x1024.jpg 680w, https:\/\/crodestination.pl\/wp-content\/uploads\/2020\/12\/2-8-768x1156.jpg 768w, https:\/\/crodestination.pl\/wp-content\/uploads\/2020\/12\/2-8-1020x1536.jpg 1020w, https:\/\/crodestination.pl\/wp-content\/uploads\/2020\/12\/2-8-1360x2048.jpg 1360w\" sizes=\"(max-width: 1424px) 100vw, 1424px\" \/>\t\t\t\t\t\t\t\t\t\t\t\t\t\t\t<\/div>\n\t\t\t\t<\/div>\n\t\t\t\t\t<\/div>\n\t\t<\/div>\n\t\t\t\t<div class=\"elementor-column elementor-col-66 elementor-top-column elementor-element elementor-element-828defd elementor-invisible\" data-id=\"828defd\" data-element_type=\"column\" data-settings=\"{&quot;animation&quot;:&quot;slideInRight&quot;}\">\n\t\t\t<div class=\"elementor-widget-wrap elementor-element-populated\">\n\t\t\t\t\t\t<div class=\"elementor-element elementor-element-4c5eb64 elementor-widget elementor-widget-text-editor\" data-id=\"4c5eb64\" data-element_type=\"widget\" data-widget_type=\"text-editor.default\">\n\t\t\t\t<div class=\"elementor-widget-container\">\n\t\t\t\t\t\t\t\t\t<p>I would like to invite all persons, institutions, companies, workplaces, travel agencies that are<br \/>interested in wide cooperation. I offer my knowledge and long-lasting experience in the tourism<br \/>sector and not only there at your disposal. I would like to encourage you to contact me on the<br \/>following issues:<u><\/u><u><\/u><\/p><p>&#8211; luxury and exclusive private tours,<u><\/u><u><\/u><\/p><p>&#8211; the organisation of a wide range of occasional ceremonies and events all over Croatia,<u><\/u><u><\/u><\/p><p>&#8211; the organisation of training all over Croatia,<u><\/u><u><\/u><\/p><p>&#8211; support during the reservation of local guides for tourist\/package groups, as well as additional<br \/>attractions, meals, transfers, tasting, folklore evenings, etc.,<u><\/u><u><\/u><\/p><p>&#8211; the preparation of programmes of touring events (including a dedicated subject), including Croatia<br \/>and neighbouring countries, like Slovenia, Bosnia and Herzegovina, Montenegro, Serbia, Macedonia,<br \/>Kosovo and Albania (including programmes for Incentiv groups),<u><\/u><u><\/u><\/p><p>&#8211; translation from Croatian,<u><\/u><u><\/u><\/p><p>&#8211; consultation for cultural, social, information institutions on knowledge and present situation in<br \/>Croatia and countries of former Yugoslavia,<u><\/u><u><\/u><\/p><p>&#8211; language coaching (Croatian),<u><\/u><u><\/u><\/p><p>&#8211; guide and tour leader services.<\/p>\t\t\t\t\t\t\t\t<\/div>\n\t\t\t\t<\/div>\n\t\t\t\t\t<\/div>\n\t\t<\/div>\n\t\t\t\t\t<\/div>\n\t\t<\/section>\n\t\t\t\t<\/div>\n\t\t","protected":false},"excerpt":{"rendered":"<p>Cooperate I would like to invite all persons, institutions, companies, workplaces, travel agencies that areinterested in wide cooperation. I offer my knowledge and long-lasting experience in the tourismsector and not only there at your disposal. I would like to encourage you to contact me on thefollowing issues: &#8211; luxury and exclusive private tours, &#8211; the [&hellip;]<\/p>\n","protected":false},"author":1,"featured_media":0,"parent":0,"menu_order":0,"comment_status":"closed","ping_status":"closed","template":"","meta":{"footnotes":""},"yoast_head":"<!-- This site is optimized with the Yoast SEO plugin v21.8 - https:\/\/yoast.com\/wordpress\/plugins\/seo\/ -->\n<title>Cooperate - Crodestination<\/title>\n<meta name=\"robots\" content=\"index, follow, max-snippet:-1, max-image-preview:large, max-video-preview:-1\" \/>\n<link rel=\"canonical\" href=\"https:\/\/crodestination.pl\/en\/wspolpraca\/\" \/>\n<meta property=\"og:locale\" content=\"en_US\" \/>\n<meta property=\"og:type\" content=\"article\" \/>\n<meta property=\"og:title\" content=\"Cooperate - Crodestination\" \/>\n<meta property=\"og:description\" content=\"Cooperate I would like to invite all persons, institutions, companies, workplaces, travel agencies that areinterested in wide cooperation. I offer my knowledge and long-lasting experience in the tourismsector and not only there at your disposal. I would like to encourage you to contact me on thefollowing issues: &#8211; luxury and exclusive private tours, &#8211; the [&hellip;]\" \/>\n<meta property=\"og:url\" content=\"https:\/\/crodestination.pl\/wspolpraca\/\" \/>\n<meta property=\"og:site_name\" content=\"Crodestination\" \/>\n<meta property=\"article:modified_time\" content=\"2020-12-10T17:28:03+00:00\" \/>\n<meta property=\"og:image\" content=\"https:\/\/crodestination.pl\/wp-content\/uploads\/2020\/12\/2-8.jpg\" \/>\n<meta name=\"twitter:card\" content=\"summary_large_image\" \/>\n<meta name=\"twitter:label1\" content=\"Est. reading time\" \/>\n\t<meta name=\"twitter:data1\" content=\"1 minute\" \/>\n<script type=\"application\/ld+json\" class=\"yoast-schema-graph\">{\"@context\":\"https:\/\/schema.org\",\"@graph\":[{\"@type\":\"WebPage\",\"@id\":\"https:\/\/crodestination.pl\/wspolpraca\/\",\"url\":\"https:\/\/crodestination.pl\/wspolpraca\/\",\"name\":\"Cooperate - Crodestination\",\"isPartOf\":{\"@id\":\"https:\/\/crodestination.pl\/#website\"},\"datePublished\":\"2020-12-04T17:10:48+00:00\",\"dateModified\":\"2020-12-10T17:28:03+00:00\",\"breadcrumb\":{\"@id\":\"https:\/\/crodestination.pl\/wspolpraca\/#breadcrumb\"},\"inLanguage\":\"en-US\",\"potentialAction\":[{\"@type\":\"ReadAction\",\"target\":[\"https:\/\/crodestination.pl\/wspolpraca\/\"]}]},{\"@type\":\"BreadcrumbList\",\"@id\":\"https:\/\/crodestination.pl\/wspolpraca\/#breadcrumb\",\"itemListElement\":[{\"@type\":\"ListItem\",\"position\":1,\"name\":\"Strona g\u0142\u00f3wna\",\"item\":\"https:\/\/crodestination.pl\/\"},{\"@type\":\"ListItem\",\"position\":2,\"name\":\"Cooperate\"}]},{\"@type\":\"WebSite\",\"@id\":\"https:\/\/crodestination.pl\/#website\",\"url\":\"https:\/\/crodestination.pl\/\",\"name\":\"Crodestination\",\"description\":\"Zapraszamy na wsp\u00f3lne podr\u00f3\u017ce do Chorwacji.\",\"potentialAction\":[{\"@type\":\"SearchAction\",\"target\":{\"@type\":\"EntryPoint\",\"urlTemplate\":\"https:\/\/crodestination.pl\/?s={search_term_string}\"},\"query-input\":\"required name=search_term_string\"}],\"inLanguage\":\"en-US\"}]}<\/script>\n<!-- \/ Yoast SEO plugin. -->","yoast_head_json":{"title":"Cooperate - Crodestination","robots":{"index":"index","follow":"follow","max-snippet":"max-snippet:-1","max-image-preview":"max-image-preview:large","max-video-preview":"max-video-preview:-1"},"canonical":"https:\/\/crodestination.pl\/en\/wspolpraca\/","og_locale":"en_US","og_type":"article","og_title":"Cooperate - Crodestination","og_description":"Cooperate I would like to invite all persons, institutions, companies, workplaces, travel agencies that areinterested in wide cooperation. I offer my knowledge and long-lasting experience in the tourismsector and not only there at your disposal. I would like to encourage you to contact me on thefollowing issues: &#8211; luxury and exclusive private tours, &#8211; the [&hellip;]","og_url":"https:\/\/crodestination.pl\/wspolpraca\/","og_site_name":"Crodestination","article_modified_time":"2020-12-10T17:28:03+00:00","og_image":[{"url":"https:\/\/crodestination.pl\/wp-content\/uploads\/2020\/12\/2-8.jpg"}],"twitter_card":"summary_large_image","twitter_misc":{"Est. reading time":"1 minute"},"schema":{"@context":"https:\/\/schema.org","@graph":[{"@type":"WebPage","@id":"https:\/\/crodestination.pl\/wspolpraca\/","url":"https:\/\/crodestination.pl\/wspolpraca\/","name":"Cooperate - Crodestination","isPartOf":{"@id":"https:\/\/crodestination.pl\/#website"},"datePublished":"2020-12-04T17:10:48+00:00","dateModified":"2020-12-10T17:28:03+00:00","breadcrumb":{"@id":"https:\/\/crodestination.pl\/wspolpraca\/#breadcrumb"},"inLanguage":"en-US","potentialAction":[{"@type":"ReadAction","target":["https:\/\/crodestination.pl\/wspolpraca\/"]}]},{"@type":"BreadcrumbList","@id":"https:\/\/crodestination.pl\/wspolpraca\/#breadcrumb","itemListElement":[{"@type":"ListItem","position":1,"name":"Strona g\u0142\u00f3wna","item":"https:\/\/crodestination.pl\/"},{"@type":"ListItem","position":2,"name":"Cooperate"}]},{"@type":"WebSite","@id":"https:\/\/crodestination.pl\/#website","url":"https:\/\/crodestination.pl\/","name":"Crodestination","description":"Zapraszamy na wsp\u00f3lne podr\u00f3\u017ce do Chorwacji.","potentialAction":[{"@type":"SearchAction","target":{"@type":"EntryPoint","urlTemplate":"https:\/\/crodestination.pl\/?s={search_term_string}"},"query-input":"required name=search_term_string"}],"inLanguage":"en-US"}]}},"_links":{"self":[{"href":"https:\/\/crodestination.pl\/en\/wp-json\/wp\/v2\/pages\/579"}],"collection":[{"href":"https:\/\/crodestination.pl\/en\/wp-json\/wp\/v2\/pages"}],"about":[{"href":"https:\/\/crodestination.pl\/en\/wp-json\/wp\/v2\/types\/page"}],"author":[{"embeddable":true,"href":"https:\/\/crodestination.pl\/en\/wp-json\/wp\/v2\/users\/1"}],"replies":[{"embeddable":true,"href":"https:\/\/crodestination.pl\/en\/wp-json\/wp\/v2\/comments?post=579"}],"version-history":[{"count":22,"href":"https:\/\/crodestination.pl\/en\/wp-json\/wp\/v2\/pages\/579\/revisions"}],"predecessor-version":[{"id":1355,"href":"https:\/\/crodestination.pl\/en\/wp-json\/wp\/v2\/pages\/579\/revisions\/1355"}],"wp:attachment":[{"href":"https:\/\/crodestination.pl\/en\/wp-json\/wp\/v2\/media?parent=579"}],"curies":[{"name":"wp","href":"https:\/\/api.w.org\/{rel}","templated":true}]}}