{"id":575,"date":"2020-12-04T18:10:07","date_gmt":"2020-12-04T17:10:07","guid":{"rendered":"http:\/\/crodestination.pl\/?page_id=575"},"modified":"2020-12-21T21:59:07","modified_gmt":"2020-12-21T20:59:07","slug":"about-us","status":"publish","type":"page","link":"https:\/\/crodestination.pl\/en\/about-us\/","title":{"rendered":"About us"},"content":{"rendered":"\t\t<div data-elementor-type=\"wp-page\" data-elementor-id=\"575\" class=\"elementor elementor-575\" data-elementor-post-type=\"page\">\n\t\t\t\t\t\t<section class=\"elementor-section elementor-top-section elementor-element elementor-element-11707143 elementor-section-full_width elementor-section-height-default elementor-section-height-default\" data-id=\"11707143\" data-element_type=\"section\" data-settings=\"{&quot;background_background&quot;:&quot;classic&quot;}\">\n\t\t\t\t\t\t\t<div class=\"elementor-background-overlay\"><\/div>\n\t\t\t\t\t\t\t<div class=\"elementor-container elementor-column-gap-default\">\n\t\t\t\t\t<div class=\"elementor-column elementor-col-100 elementor-top-column elementor-element elementor-element-204319f9\" data-id=\"204319f9\" data-element_type=\"column\">\n\t\t\t<div class=\"elementor-widget-wrap elementor-element-populated\">\n\t\t\t\t\t\t<div class=\"elementor-element elementor-element-6835ec88 elementor-hidden-tablet elementor-hidden-phone elementor-widget-divider--view-line elementor-widget elementor-widget-divider\" data-id=\"6835ec88\" data-element_type=\"widget\" data-widget_type=\"divider.default\">\n\t\t\t\t<div class=\"elementor-widget-container\">\n\t\t\t\t\t\t\t<div class=\"elementor-divider\">\n\t\t\t<span class=\"elementor-divider-separator\">\n\t\t\t\t\t\t<\/span>\n\t\t<\/div>\n\t\t\t\t\t\t<\/div>\n\t\t\t\t<\/div>\n\t\t\t\t\t<\/div>\n\t\t<\/div>\n\t\t\t\t\t<\/div>\n\t\t<\/section>\n\t\t\t\t<section class=\"elementor-section elementor-top-section elementor-element elementor-element-18b197e3 elementor-section-boxed elementor-section-height-default elementor-section-height-default\" data-id=\"18b197e3\" data-element_type=\"section\">\n\t\t\t\t\t\t<div class=\"elementor-container elementor-column-gap-default\">\n\t\t\t\t\t<div class=\"elementor-column elementor-col-33 elementor-top-column elementor-element elementor-element-4a8eade2 elementor-invisible\" data-id=\"4a8eade2\" data-element_type=\"column\" data-settings=\"{&quot;animation&quot;:&quot;fadeInLeft&quot;}\">\n\t\t\t<div class=\"elementor-widget-wrap elementor-element-populated\">\n\t\t\t\t\t\t<div class=\"elementor-element elementor-element-2bc073fd elementor-widget__width-initial elementor-widget elementor-widget-heading\" data-id=\"2bc073fd\" data-element_type=\"widget\" data-widget_type=\"heading.default\">\n\t\t\t\t<div class=\"elementor-widget-container\">\n\t\t\t\t\t<h2 class=\"elementor-heading-title elementor-size-default\">About us<\/h2>\t\t\t\t<\/div>\n\t\t\t\t<\/div>\n\t\t\t\t<div class=\"elementor-element elementor-element-79b9052 elementor-widget elementor-widget-image\" data-id=\"79b9052\" data-element_type=\"widget\" data-widget_type=\"image.default\">\n\t\t\t\t<div class=\"elementor-widget-container\">\n\t\t\t\t\t\t\t\t\t\t\t\t\t\t\t<img fetchpriority=\"high\" decoding=\"async\" width=\"1000\" height=\"1500\" src=\"https:\/\/crodestination.pl\/wp-content\/uploads\/2020\/11\/klama\u0142e.jpg\" class=\"attachment-full size-full wp-image-388\" alt=\"\" srcset=\"https:\/\/crodestination.pl\/wp-content\/uploads\/2020\/11\/klama\u0142e.jpg 1000w, https:\/\/crodestination.pl\/wp-content\/uploads\/2020\/11\/klama\u0142e-200x300.jpg 200w, https:\/\/crodestination.pl\/wp-content\/uploads\/2020\/11\/klama\u0142e-683x1024.jpg 683w, https:\/\/crodestination.pl\/wp-content\/uploads\/2020\/11\/klama\u0142e-768x1152.jpg 768w\" sizes=\"(max-width: 1000px) 100vw, 1000px\" \/>\t\t\t\t\t\t\t\t\t\t\t\t\t\t\t<\/div>\n\t\t\t\t<\/div>\n\t\t\t\t\t<\/div>\n\t\t<\/div>\n\t\t\t\t<div class=\"elementor-column elementor-col-66 elementor-top-column elementor-element elementor-element-17463e9e elementor-invisible\" data-id=\"17463e9e\" data-element_type=\"column\" data-settings=\"{&quot;animation&quot;:&quot;fadeInRight&quot;}\">\n\t\t\t<div class=\"elementor-widget-wrap elementor-element-populated\">\n\t\t\t\t\t\t<div class=\"elementor-element elementor-element-18751133 elementor-widget elementor-widget-text-editor\" data-id=\"18751133\" data-element_type=\"widget\" data-widget_type=\"text-editor.default\">\n\t\t\t\t<div class=\"elementor-widget-container\">\n\t\t\t\t\t\t\t\t\t<p>I am Klaudia Broda. For many years, I have been interested in and greatly fascinated with a certain<br \/>small grand country of Croatia. My life adventure connected with that place started accidentally,<br \/>innocently and naively to a certain extent. Thus, if you have a while, please listen &#8230;<\/p><p>As a young girl who did not know much about life, just after my high school graduation exam, I had to make a life choice concerning my further education. At the beginning, I was not aware of my predisposition, advantages, strong or weak sides. I made my choices by listening to my intuition and internal heart voice, which searched for something exceptional, outstanding and unique.<\/p><p>And in such a way a slightly trivial sea of youthful thoughts led me to philological, literary and language studies. I did not expect then that my extraordinary life adventure connected with my profession and my great avocation for Croatia would start there.\u00a0<\/p><p>Days, weeks, months passed and I was improving my knowledge of the literature of Balkan countries, Croatian language and other related fields. Learning the history, culture, habits, social and political situation and reality of countries of former Yugoslavia became my everyday life. I was reading a lot of books of known and foremost writers from that region. And seemingly ordinary student duties and learning turned into my life passion, which I have been continuing to date.<\/p><p>Then, I also started dreaming about exploring and experiencing the world I heard about every day.<br \/>About a real interaction with the space and people. Thus, a natural step was to actually start<br \/>numerous journeys, expeditions and trips. At that stage, these were solely individual and research<br \/>travels. The power of experience and observations has been paying off in my profession to date by<br \/>establishing a very important context of my knowledge.<br \/><br \/><\/p><p>Then, the time to establish a more professional character of my career arrived. To combine my love<br \/>with work, I got interested in the tourism industry. I acquired a licence of a tourist guide and then city<br \/>guide licences, as well. I chose such actions to use the information I learned in a professional way. At\u00a0the beginning, in the tourist market, I worked as a shuttle guide, then a resident on stationary<br \/>vacation, and finally a guide of touring trips. This profession enables me to describe and share my<br \/>knowledge, experience, emotions and reflections concerning the country that is my first, invariable<br \/>and unremitting love. I have always felt that it is wonderful to be able to show the others the world<br \/>that they do not know, to describe things that they have not had contact with. And to inspire their<br \/>curiosity and interest or maybe even make them love Croatia and Balkan climates, as well.<\/p>\t\t\t\t\t\t\t\t<\/div>\n\t\t\t\t<\/div>\n\t\t\t\t\t<\/div>\n\t\t<\/div>\n\t\t\t\t\t<\/div>\n\t\t<\/section>\n\t\t\t\t<section class=\"elementor-section elementor-top-section elementor-element elementor-element-38b9519 elementor-section-boxed elementor-section-height-default elementor-section-height-default elementor-invisible\" data-id=\"38b9519\" data-element_type=\"section\" id=\"misja\" data-settings=\"{&quot;animation&quot;:&quot;fadeInUp&quot;}\">\n\t\t\t\t\t\t\t<div class=\"elementor-background-overlay\"><\/div>\n\t\t\t\t\t\t\t<div class=\"elementor-container elementor-column-gap-default\">\n\t\t\t\t\t<div class=\"elementor-column elementor-col-100 elementor-top-column elementor-element elementor-element-ee12635\" data-id=\"ee12635\" data-element_type=\"column\">\n\t\t\t<div class=\"elementor-widget-wrap elementor-element-populated\">\n\t\t\t\t\t\t<div class=\"elementor-element elementor-element-0b4baf0 elementor-hidden-phone elementor-widget-divider--view-line elementor-widget elementor-widget-divider\" data-id=\"0b4baf0\" data-element_type=\"widget\" data-widget_type=\"divider.default\">\n\t\t\t\t<div class=\"elementor-widget-container\">\n\t\t\t\t\t\t\t<div class=\"elementor-divider\">\n\t\t\t<span class=\"elementor-divider-separator\">\n\t\t\t\t\t\t<\/span>\n\t\t<\/div>\n\t\t\t\t\t\t<\/div>\n\t\t\t\t<\/div>\n\t\t\t\t<div class=\"elementor-element elementor-element-f1a4f9a elementor-widget__width-auto elementor-widget elementor-widget-heading\" data-id=\"f1a4f9a\" data-element_type=\"widget\" data-widget_type=\"heading.default\">\n\t\t\t\t<div class=\"elementor-widget-container\">\n\t\t\t\t\t<h2 class=\"elementor-heading-title elementor-size-default\">Our<br>mision<\/h2>\t\t\t\t<\/div>\n\t\t\t\t<\/div>\n\t\t\t\t<div class=\"elementor-element elementor-element-fee56d2 elementor-invisible elementor-widget elementor-widget-text-editor\" data-id=\"fee56d2\" data-element_type=\"widget\" data-settings=\"{&quot;_animation&quot;:&quot;fadeIn&quot;}\" data-widget_type=\"text-editor.default\">\n\t\t\t\t<div class=\"elementor-widget-container\">\n\t\t\t\t\t\t\t\t\t<p>The main idea of my company called Cro Destination appeared in 2020 out of my love for Croatia and<br \/>my passion and commitment to work. My other equally important motives are connected with an<br \/>authentic urge to contact people willing to get to know and experience something extraordinary in<br \/>Croatia or to rest and learn the atmosphere of that place. This is also connected with promoting the<br \/>Croatian direction as an ideal place to rest, sightsee, take part in various events, occasional parties<br \/>and ceremonies, improve the knowledge of the region or have serene fun and spend free time with<br \/>Croatia in the background.<\/p>\t\t\t\t\t\t\t\t<\/div>\n\t\t\t\t<\/div>\n\t\t\t\t\t<\/div>\n\t\t<\/div>\n\t\t\t\t\t<\/div>\n\t\t<\/section>\n\t\t\t\t<section class=\"elementor-section elementor-top-section elementor-element elementor-element-14542ff elementor-section-boxed elementor-section-height-default elementor-section-height-default\" data-id=\"14542ff\" data-element_type=\"section\">\n\t\t\t\t\t\t<div class=\"elementor-container elementor-column-gap-default\">\n\t\t\t\t\t<div class=\"elementor-column elementor-col-100 elementor-top-column elementor-element elementor-element-7ce5506\" data-id=\"7ce5506\" data-element_type=\"column\">\n\t\t\t<div class=\"elementor-widget-wrap elementor-element-populated\">\n\t\t\t\t\t\t<div class=\"elementor-element elementor-element-6ef9849 elementor-widget elementor-widget-wp-widget-elfsight-instagram-feed\" data-id=\"6ef9849\" data-element_type=\"widget\" data-widget_type=\"wp-widget-elfsight-instagram-feed.default\">\n\t\t\t\t<div class=\"elementor-widget-container\">\n\t\t\t\t\t\n            <div \n                class=\"elfsight-widget-instagram-feed elfsight-widget\" \n                data-elfsight-instagram-feed-options=\"%7B%22apiChangesMessage%22%3Anull%2C%22sourceType%22%3A%22businessAccount%22%2C%22source%22%3A%5B%5D%2C%22personalAccessToken%22%3A%22%22%2C%22businessAccessToken%22%3A%22bb33df55-89a7-4bb4-93cb-2828601a1948%22%2C%22businessAccount%22%3A%7B%22name%22%3A%22Cro%20Destination%22%2C%22value%22%3A%2217841444274819379%22%2C%22username%22%3A%22crodestination%22%2C%22profile_picture_url%22%3A%22https%3A%5C%2F%5C%2Fscontent-waw1-1.xx.fbcdn.net%5C%2Fv%5C%2Ft51.2885-15%5C%2F128913710_214841276830890_8771581584728590733_n.jpg%3F_nc_cat%3D102%26ccb%3D2%26_nc_sid%3D86c713%26_nc_ohc%3DPKuO_pTOeigAX-3xPsX%26_nc_ht%3Dscontent-waw1-1.xx%26oh%3Dafb5c82f148b83e27ed47b5033d4061c%26oe%3D5FEFA31E%22%7D%2C%22position%22%3A%22%22%2C%22businessHashtag%22%3A%22%23eiffeltower%22%2C%22filterOnly%22%3A%5B%22%40crodestination%22%5D%2C%22filterExcept%22%3A%5B%22%40crodestination%22%5D%2C%22limit%22%3A0%2C%22order%22%3A%22date%22%2C%22layout%22%3A%22slider%22%2C%22postTemplate%22%3A%22tile%22%2C%22columns%22%3A5%2C%22rows%22%3A1%2C%22gutter%22%3A0%2C%22responsive%22%3A%5B%7B%22minWidth%22%3A375%2C%22columns%22%3A1%2C%22rows%22%3A1%2C%22gutter%22%3A%220%22%7D%2C%7B%22minWidth%22%3A768%2C%22columns%22%3A3%2C%22rows%22%3A2%2C%22gutter%22%3A%220%22%7D%5D%2C%22width%22%3A%22auto%22%2C%22callToActionButtons%22%3A%5B%7B%22postUrl%22%3A%22https%3A%5C%2F%5C%2Fwww.instagram.com%5C%2Fp%5C%2FBmr7eH0nyxQ%5C%2F%22%2C%22buttonLabel%22%3A%22Install%20Instagram%20Feed%20now%22%2C%22buttonLink%22%3A%22https%3A%5C%2F%5C%2Felfsight.com%5C%2Finstagram-feed-instashow%5C%2F%22%7D%2C%7B%22postUrl%22%3A%22https%3A%5C%2F%5C%2Fwww.instagram.com%5C%2Fp%5C%2FBmgZy5FnnQB%5C%2F%22%2C%22buttonLabel%22%3A%22Install%20Instagram%20Feed%20now%22%2C%22buttonLink%22%3A%22https%3A%5C%2F%5C%2Felfsight.com%5C%2Finstagram-feed-instashow%5C%2F%22%7D%2C%7B%22postUrl%22%3A%22https%3A%5C%2F%5C%2Fwww.instagram.com%5C%2Fp%5C%2FBmbbCfBndRU%5C%2F%22%2C%22buttonLabel%22%3A%22Install%20Instagram%20Feed%20now%22%2C%22buttonLink%22%3A%22https%3A%5C%2F%5C%2Felfsight.com%5C%2Finstagram-feed-instashow%5C%2F%22%7D%5D%2C%22postElements%22%3A%5B%22user%22%2C%22date%22%2C%22instagramLink%22%2C%22likesCount%22%2C%22commentsCount%22%2C%22share%22%2C%22text%22%5D%2C%22popupElements%22%3A%5B%22user%22%2C%22location%22%2C%22followButton%22%2C%22instagramLink%22%2C%22likesCount%22%2C%22share%22%2C%22text%22%2C%22comments%22%2C%22date%22%5D%2C%22imageClickAction%22%3A%22popup%22%2C%22sliderArrows%22%3Atrue%2C%22sliderDrag%22%3Atrue%2C%22sliderSpeed%22%3A0.6%2C%22sliderAutoplay%22%3A%22%22%2C%22colorScheme%22%3A%22default%22%2C%22colorPostOverlayBg%22%3A%22rgba%280%2C%200%2C%200%2C%200.8%29%22%2C%22colorPostOverlayText%22%3A%22rgb%28255%2C%20255%2C%20255%29%22%2C%22colorPostBg%22%3A%22rgb%28255%2C%20255%2C%20255%29%22%2C%22colorPostText%22%3A%22rgb%280%2C%200%2C%200%29%22%2C%22colorPostLinks%22%3A%22rgb%280%2C%2053%2C%20107%29%22%2C%22colorSliderArrows%22%3A%22rgb%28255%2C%20255%2C%20255%29%22%2C%22colorSliderArrowsBg%22%3A%22rgba%280%2C%200%2C%200%2C%200.9%29%22%2C%22colorGridLoadMoreButton%22%3A%22rgb%2856%2C%20151%2C%20240%29%22%2C%22colorPopupOverlay%22%3A%22rgba%2843%2C%2043%2C%2043%2C%200.9%29%22%2C%22colorPopupBg%22%3A%22rgb%28255%2C%20255%2C%20255%29%22%2C%22colorPopupText%22%3A%22rgb%280%2C%200%2C%200%29%22%2C%22colorPopupLinks%22%3A%22rgb%280%2C%2053%2C%20105%29%22%2C%22colorPopupFollowButton%22%3A%22rgb%2856%2C%20151%2C%20240%29%22%2C%22colorPopupCtaButton%22%3A%22rgb%2856%2C%20151%2C%20240%29%22%2C%22widgetTitle%22%3A%22Instagram%22%2C%22lang%22%3A%22pl%22%2C%22apiUrl%22%3A%22https%3A%5C%2F%5C%2Fcrodestination.pl%5C%2Fen%5C%2Fwp-json%5C%2Felfsight-instagram-feed%5C%2Fapi%22%2C%22apiProxyUrl%22%3A%22https%3A%5C%2F%5C%2Fcrodestination.pl%5C%2Fen%5C%2Fwp-json%5C%2Felfsight-instagram-feed%22%2C%22widgetId%22%3A%221%22%7D\" \n                data-elfsight-instagram-feed-version=\"4.0.1\"\n                data-elfsight-widget-id=\"elfsight-instagram-feed-1\">\n            <\/div>\n            \t\t\t\t<\/div>\n\t\t\t\t<\/div>\n\t\t\t\t\t<\/div>\n\t\t<\/div>\n\t\t\t\t\t<\/div>\n\t\t<\/section>\n\t\t\t\t<\/div>\n\t\t","protected":false},"excerpt":{"rendered":"<p>About us I am Klaudia Broda. For many years, I have been interested in and greatly fascinated with a certainsmall grand country of Croatia. My life adventure connected with that place started accidentally,innocently and naively to a certain extent. Thus, if you have a while, please listen &#8230; As a young girl who did not [&hellip;]<\/p>\n","protected":false},"author":1,"featured_media":0,"parent":0,"menu_order":0,"comment_status":"closed","ping_status":"closed","template":"","meta":{"footnotes":""},"yoast_head":"<!-- This site is optimized with the Yoast SEO plugin v21.8 - https:\/\/yoast.com\/wordpress\/plugins\/seo\/ -->\n<title>About us - Crodestination<\/title>\n<meta name=\"robots\" content=\"index, follow, max-snippet:-1, max-image-preview:large, max-video-preview:-1\" \/>\n<link rel=\"canonical\" href=\"https:\/\/crodestination.pl\/en\/o-mnie\/\" \/>\n<meta property=\"og:locale\" content=\"en_US\" \/>\n<meta property=\"og:type\" content=\"article\" \/>\n<meta property=\"og:title\" content=\"About us - Crodestination\" \/>\n<meta property=\"og:description\" content=\"About us I am Klaudia Broda. For many years, I have been interested in and greatly fascinated with a certainsmall grand country of Croatia. My life adventure connected with that place started accidentally,innocently and naively to a certain extent. Thus, if you have a while, please listen &#8230; As a young girl who did not [&hellip;]\" \/>\n<meta property=\"og:url\" content=\"https:\/\/crodestination.pl\/o-mnie\/\" \/>\n<meta property=\"og:site_name\" content=\"Crodestination\" \/>\n<meta property=\"article:modified_time\" content=\"2020-12-21T20:59:07+00:00\" \/>\n<meta name=\"twitter:card\" content=\"summary_large_image\" \/>\n<meta name=\"twitter:label1\" content=\"Est. reading time\" \/>\n\t<meta name=\"twitter:data1\" content=\"3 minutes\" \/>\n<script type=\"application\/ld+json\" class=\"yoast-schema-graph\">{\"@context\":\"https:\/\/schema.org\",\"@graph\":[{\"@type\":\"WebPage\",\"@id\":\"https:\/\/crodestination.pl\/o-mnie\/\",\"url\":\"https:\/\/crodestination.pl\/o-mnie\/\",\"name\":\"About us - Crodestination\",\"isPartOf\":{\"@id\":\"https:\/\/crodestination.pl\/#website\"},\"datePublished\":\"2020-12-04T17:10:07+00:00\",\"dateModified\":\"2020-12-21T20:59:07+00:00\",\"breadcrumb\":{\"@id\":\"https:\/\/crodestination.pl\/o-mnie\/#breadcrumb\"},\"inLanguage\":\"en-US\",\"potentialAction\":[{\"@type\":\"ReadAction\",\"target\":[\"https:\/\/crodestination.pl\/o-mnie\/\"]}]},{\"@type\":\"BreadcrumbList\",\"@id\":\"https:\/\/crodestination.pl\/o-mnie\/#breadcrumb\",\"itemListElement\":[{\"@type\":\"ListItem\",\"position\":1,\"name\":\"Strona g\u0142\u00f3wna\",\"item\":\"https:\/\/crodestination.pl\/\"},{\"@type\":\"ListItem\",\"position\":2,\"name\":\"About us\"}]},{\"@type\":\"WebSite\",\"@id\":\"https:\/\/crodestination.pl\/#website\",\"url\":\"https:\/\/crodestination.pl\/\",\"name\":\"Crodestination\",\"description\":\"Zapraszamy na wsp\u00f3lne podr\u00f3\u017ce do Chorwacji.\",\"potentialAction\":[{\"@type\":\"SearchAction\",\"target\":{\"@type\":\"EntryPoint\",\"urlTemplate\":\"https:\/\/crodestination.pl\/?s={search_term_string}\"},\"query-input\":\"required name=search_term_string\"}],\"inLanguage\":\"en-US\"}]}<\/script>\n<!-- \/ Yoast SEO plugin. -->","yoast_head_json":{"title":"About us - Crodestination","robots":{"index":"index","follow":"follow","max-snippet":"max-snippet:-1","max-image-preview":"max-image-preview:large","max-video-preview":"max-video-preview:-1"},"canonical":"https:\/\/crodestination.pl\/en\/o-mnie\/","og_locale":"en_US","og_type":"article","og_title":"About us - Crodestination","og_description":"About us I am Klaudia Broda. For many years, I have been interested in and greatly fascinated with a certainsmall grand country of Croatia. My life adventure connected with that place started accidentally,innocently and naively to a certain extent. Thus, if you have a while, please listen &#8230; As a young girl who did not [&hellip;]","og_url":"https:\/\/crodestination.pl\/o-mnie\/","og_site_name":"Crodestination","article_modified_time":"2020-12-21T20:59:07+00:00","twitter_card":"summary_large_image","twitter_misc":{"Est. reading time":"3 minutes"},"schema":{"@context":"https:\/\/schema.org","@graph":[{"@type":"WebPage","@id":"https:\/\/crodestination.pl\/o-mnie\/","url":"https:\/\/crodestination.pl\/o-mnie\/","name":"About us - Crodestination","isPartOf":{"@id":"https:\/\/crodestination.pl\/#website"},"datePublished":"2020-12-04T17:10:07+00:00","dateModified":"2020-12-21T20:59:07+00:00","breadcrumb":{"@id":"https:\/\/crodestination.pl\/o-mnie\/#breadcrumb"},"inLanguage":"en-US","potentialAction":[{"@type":"ReadAction","target":["https:\/\/crodestination.pl\/o-mnie\/"]}]},{"@type":"BreadcrumbList","@id":"https:\/\/crodestination.pl\/o-mnie\/#breadcrumb","itemListElement":[{"@type":"ListItem","position":1,"name":"Strona g\u0142\u00f3wna","item":"https:\/\/crodestination.pl\/"},{"@type":"ListItem","position":2,"name":"About us"}]},{"@type":"WebSite","@id":"https:\/\/crodestination.pl\/#website","url":"https:\/\/crodestination.pl\/","name":"Crodestination","description":"Zapraszamy na wsp\u00f3lne podr\u00f3\u017ce do Chorwacji.","potentialAction":[{"@type":"SearchAction","target":{"@type":"EntryPoint","urlTemplate":"https:\/\/crodestination.pl\/?s={search_term_string}"},"query-input":"required name=search_term_string"}],"inLanguage":"en-US"}]}},"_links":{"self":[{"href":"https:\/\/crodestination.pl\/en\/wp-json\/wp\/v2\/pages\/575"}],"collection":[{"href":"https:\/\/crodestination.pl\/en\/wp-json\/wp\/v2\/pages"}],"about":[{"href":"https:\/\/crodestination.pl\/en\/wp-json\/wp\/v2\/types\/page"}],"author":[{"embeddable":true,"href":"https:\/\/crodestination.pl\/en\/wp-json\/wp\/v2\/users\/1"}],"replies":[{"embeddable":true,"href":"https:\/\/crodestination.pl\/en\/wp-json\/wp\/v2\/comments?post=575"}],"version-history":[{"count":23,"href":"https:\/\/crodestination.pl\/en\/wp-json\/wp\/v2\/pages\/575\/revisions"}],"predecessor-version":[{"id":1563,"href":"https:\/\/crodestination.pl\/en\/wp-json\/wp\/v2\/pages\/575\/revisions\/1563"}],"wp:attachment":[{"href":"https:\/\/crodestination.pl\/en\/wp-json\/wp\/v2\/media?parent=575"}],"curies":[{"name":"wp","href":"https:\/\/api.w.org\/{rel}","templated":true}]}}