{"id":566,"date":"2020-12-04T18:07:56","date_gmt":"2020-12-04T17:07:56","guid":{"rendered":"http:\/\/crodestination.pl\/?page_id=566"},"modified":"2020-12-09T19:24:57","modified_gmt":"2020-12-09T18:24:57","slug":"why-us","status":"publish","type":"page","link":"https:\/\/crodestination.pl\/en\/why-us\/","title":{"rendered":"Why us?"},"content":{"rendered":"\t\t<div data-elementor-type=\"wp-page\" data-elementor-id=\"566\" class=\"elementor elementor-566\" data-elementor-post-type=\"page\">\n\t\t\t\t\t\t<section class=\"elementor-section elementor-top-section elementor-element elementor-element-c535b51 elementor-section-full_width elementor-section-height-default elementor-section-height-default\" data-id=\"c535b51\" data-element_type=\"section\" data-settings=\"{&quot;background_background&quot;:&quot;classic&quot;}\">\n\t\t\t\t\t\t\t<div class=\"elementor-background-overlay\"><\/div>\n\t\t\t\t\t\t\t<div class=\"elementor-container elementor-column-gap-default\">\n\t\t\t\t\t<div class=\"elementor-column elementor-col-100 elementor-top-column elementor-element elementor-element-53c0a54\" data-id=\"53c0a54\" data-element_type=\"column\">\n\t\t\t<div class=\"elementor-widget-wrap elementor-element-populated\">\n\t\t\t\t\t\t<div class=\"elementor-element elementor-element-c88dea5 elementor-hidden-tablet elementor-hidden-phone elementor-widget-divider--view-line elementor-widget elementor-widget-divider\" data-id=\"c88dea5\" data-element_type=\"widget\" data-widget_type=\"divider.default\">\n\t\t\t\t<div class=\"elementor-widget-container\">\n\t\t\t\t\t\t\t<div class=\"elementor-divider\">\n\t\t\t<span class=\"elementor-divider-separator\">\n\t\t\t\t\t\t<\/span>\n\t\t<\/div>\n\t\t\t\t\t\t<\/div>\n\t\t\t\t<\/div>\n\t\t\t\t\t<\/div>\n\t\t<\/div>\n\t\t\t\t\t<\/div>\n\t\t<\/section>\n\t\t\t\t<section class=\"elementor-section elementor-top-section elementor-element elementor-element-f88bfaa elementor-section-boxed elementor-section-height-default elementor-section-height-default\" data-id=\"f88bfaa\" data-element_type=\"section\">\n\t\t\t\t\t\t<div class=\"elementor-container elementor-column-gap-wider\">\n\t\t\t\t\t<div class=\"elementor-column elementor-col-33 elementor-top-column elementor-element elementor-element-644fb42 elementor-invisible\" data-id=\"644fb42\" data-element_type=\"column\" data-settings=\"{&quot;animation&quot;:&quot;fadeInLeft&quot;}\">\n\t\t\t<div class=\"elementor-widget-wrap elementor-element-populated\">\n\t\t\t\t\t\t<div class=\"elementor-element elementor-element-455fb8d elementor-widget elementor-widget-image\" data-id=\"455fb8d\" data-element_type=\"widget\" data-widget_type=\"image.default\">\n\t\t\t\t<div class=\"elementor-widget-container\">\n\t\t\t\t\t\t\t\t\t\t\t\t\t\t\t<img fetchpriority=\"high\" decoding=\"async\" width=\"1538\" height=\"2560\" src=\"https:\/\/crodestination.pl\/wp-content\/uploads\/2020\/12\/2-6-scaled.jpg\" class=\"attachment-full size-full wp-image-1129\" alt=\"\" srcset=\"https:\/\/crodestination.pl\/wp-content\/uploads\/2020\/12\/2-6-scaled.jpg 1538w, https:\/\/crodestination.pl\/wp-content\/uploads\/2020\/12\/2-6-180x300.jpg 180w, https:\/\/crodestination.pl\/wp-content\/uploads\/2020\/12\/2-6-615x1024.jpg 615w, https:\/\/crodestination.pl\/wp-content\/uploads\/2020\/12\/2-6-768x1278.jpg 768w, https:\/\/crodestination.pl\/wp-content\/uploads\/2020\/12\/2-6-923x1536.jpg 923w, https:\/\/crodestination.pl\/wp-content\/uploads\/2020\/12\/2-6-1230x2048.jpg 1230w\" sizes=\"(max-width: 1538px) 100vw, 1538px\" \/>\t\t\t\t\t\t\t\t\t\t\t\t\t\t\t<\/div>\n\t\t\t\t<\/div>\n\t\t\t\t<div class=\"elementor-element elementor-element-7f64b1d elementor-widget elementor-widget-text-editor\" data-id=\"7f64b1d\" data-element_type=\"widget\" data-widget_type=\"text-editor.default\">\n\t\t\t\t<div class=\"elementor-widget-container\">\n\t\t\t\t\t\t\t\t\t<p>My activity focuses on individual tourism or travelling in small groups, which guarantees a safe and\u00a0cosy atmosphere, which is very important nowadays.<\/p>\t\t\t\t\t\t\t\t<\/div>\n\t\t\t\t<\/div>\n\t\t\t\t<div class=\"elementor-element elementor-element-4dda18b elementor-mobile-align-center elementor-widget elementor-widget-button\" data-id=\"4dda18b\" data-element_type=\"widget\" data-widget_type=\"button.default\">\n\t\t\t\t<div class=\"elementor-widget-container\">\n\t\t\t\t\t\t\t\t\t<div class=\"elementor-button-wrapper\">\n\t\t\t\t\t<a class=\"elementor-button elementor-button-link elementor-size-sm elementor-animation-grow\" href=\"https:\/\/crodestination.pl\/en\/contact\/\">\n\t\t\t\t\t\t<span class=\"elementor-button-content-wrapper\">\n\t\t\t\t\t\t\t\t\t<span class=\"elementor-button-text\">contact us<\/span>\n\t\t\t\t\t<\/span>\n\t\t\t\t\t<\/a>\n\t\t\t\t<\/div>\n\t\t\t\t\t\t\t\t<\/div>\n\t\t\t\t<\/div>\n\t\t\t\t\t<\/div>\n\t\t<\/div>\n\t\t\t\t<div class=\"elementor-column elementor-col-66 elementor-top-column elementor-element elementor-element-250246d elementor-invisible\" data-id=\"250246d\" data-element_type=\"column\" data-settings=\"{&quot;animation&quot;:&quot;fadeInRight&quot;}\">\n\t\t\t<div class=\"elementor-widget-wrap elementor-element-populated\">\n\t\t\t\t\t\t<section class=\"elementor-section elementor-inner-section elementor-element elementor-element-fcf852c elementor-section-boxed elementor-section-height-default elementor-section-height-default\" data-id=\"fcf852c\" data-element_type=\"section\">\n\t\t\t\t\t\t<div class=\"elementor-container elementor-column-gap-wider\">\n\t\t\t\t\t<div class=\"elementor-column elementor-col-50 elementor-inner-column elementor-element elementor-element-54f5188 animated-slow elementor-invisible\" data-id=\"54f5188\" data-element_type=\"column\" data-settings=\"{&quot;animation&quot;:&quot;fadeInDown&quot;,&quot;animation_delay&quot;:2}\">\n\t\t\t<div class=\"elementor-widget-wrap elementor-element-populated\">\n\t\t\t\t\t\t<div class=\"elementor-element elementor-element-6eaad2e elementor-widget elementor-widget-text-editor\" data-id=\"6eaad2e\" data-element_type=\"widget\" data-widget_type=\"text-editor.default\">\n\t\t\t\t<div class=\"elementor-widget-container\">\n\t\t\t\t\t\t\t\t\t<p><strong>Professionalism<\/strong> in the preparation of travel\/events thanks to my very good knowledge of the\u00a0realities of Croatia, long-lasting education in that country, cooperation and relationships with local\u00a0partners and various service suppliers.<\/p>\t\t\t\t\t\t\t\t<\/div>\n\t\t\t\t<\/div>\n\t\t\t\t\t<\/div>\n\t\t<\/div>\n\t\t\t\t<div class=\"elementor-column elementor-col-50 elementor-inner-column elementor-element elementor-element-712ab0b animated-slow elementor-invisible\" data-id=\"712ab0b\" data-element_type=\"column\" data-settings=\"{&quot;animation&quot;:&quot;fadeInDown&quot;,&quot;animation_delay&quot;:4}\">\n\t\t\t<div class=\"elementor-widget-wrap elementor-element-populated\">\n\t\t\t\t\t\t<div class=\"elementor-element elementor-element-fbfcbd7 elementor-widget elementor-widget-text-editor\" data-id=\"fbfcbd7\" data-element_type=\"widget\" data-widget_type=\"text-editor.default\">\n\t\t\t\t<div class=\"elementor-widget-container\">\n\t\t\t\t\t\t\t\t\t<p>Your travels are prepared on a <strong>tailored-made<\/strong> basis. I meet your expectations and adjust the plan to\u00a0you. I try to create the reality you expect.<\/p>\t\t\t\t\t\t\t\t<\/div>\n\t\t\t\t<\/div>\n\t\t\t\t\t<\/div>\n\t\t<\/div>\n\t\t\t\t\t<\/div>\n\t\t<\/section>\n\t\t\t\t<section class=\"elementor-section elementor-inner-section elementor-element elementor-element-ee067d8 elementor-section-boxed elementor-section-height-default elementor-section-height-default\" data-id=\"ee067d8\" data-element_type=\"section\">\n\t\t\t\t\t\t<div class=\"elementor-container elementor-column-gap-default\">\n\t\t\t\t\t<div class=\"elementor-column elementor-col-50 elementor-inner-column elementor-element elementor-element-bb1de46 animated-slow elementor-invisible\" data-id=\"bb1de46\" data-element_type=\"column\" data-settings=\"{&quot;animation&quot;:&quot;fadeInDown&quot;,&quot;animation_delay&quot;:6}\">\n\t\t\t<div class=\"elementor-widget-wrap elementor-element-populated\">\n\t\t\t\t\t\t<div class=\"elementor-element elementor-element-0f89fd9 elementor-widget elementor-widget-text-editor\" data-id=\"0f89fd9\" data-element_type=\"widget\" data-widget_type=\"text-editor.default\">\n\t\t\t\t<div class=\"elementor-widget-container\">\n\t\t\t\t\t\t\t\t\t<p><strong>Uniqueness<\/strong>, you can be certain that no-one will have the same trip. Each trip is individualised and\u00a0reflects whims and preferences of a given person.<\/p>\t\t\t\t\t\t\t\t<\/div>\n\t\t\t\t<\/div>\n\t\t\t\t\t<\/div>\n\t\t<\/div>\n\t\t\t\t<div class=\"elementor-column elementor-col-50 elementor-inner-column elementor-element elementor-element-8f50dd5 animated-slow elementor-invisible\" data-id=\"8f50dd5\" data-element_type=\"column\" data-settings=\"{&quot;animation&quot;:&quot;fadeInDown&quot;,&quot;animation_delay&quot;:8}\">\n\t\t\t<div class=\"elementor-widget-wrap elementor-element-populated\">\n\t\t\t\t\t\t<div class=\"elementor-element elementor-element-8f318dc elementor-widget elementor-widget-text-editor\" data-id=\"8f318dc\" data-element_type=\"widget\" data-widget_type=\"text-editor.default\">\n\t\t\t\t<div class=\"elementor-widget-container\">\n\t\t\t\t\t\t\t\t\t<p><strong>Confidentiality<\/strong>, the way you want to spend your time is known only to you and me.<\/p>\t\t\t\t\t\t\t\t<\/div>\n\t\t\t\t<\/div>\n\t\t\t\t\t<\/div>\n\t\t<\/div>\n\t\t\t\t\t<\/div>\n\t\t<\/section>\n\t\t\t\t<section class=\"elementor-section elementor-inner-section elementor-element elementor-element-95e9511 elementor-section-boxed elementor-section-height-default elementor-section-height-default\" data-id=\"95e9511\" data-element_type=\"section\">\n\t\t\t\t\t\t<div class=\"elementor-container elementor-column-gap-default\">\n\t\t\t\t\t<div class=\"elementor-column elementor-col-50 elementor-inner-column elementor-element elementor-element-ed0435a animated-slow elementor-invisible\" data-id=\"ed0435a\" data-element_type=\"column\" data-settings=\"{&quot;animation&quot;:&quot;fadeInDown&quot;,&quot;animation_delay&quot;:6}\">\n\t\t\t<div class=\"elementor-widget-wrap elementor-element-populated\">\n\t\t\t\t\t\t<div class=\"elementor-element elementor-element-7737866 elementor-widget elementor-widget-text-editor\" data-id=\"7737866\" data-element_type=\"widget\" data-widget_type=\"text-editor.default\">\n\t\t\t\t<div class=\"elementor-widget-container\">\n\t\t\t\t\t\t\t\t\t<p><strong>Support and advice<\/strong>, we offer them at each stage of our cooperation. We take care that you feel\u00a0comfortable and receive full information.<\/p>\t\t\t\t\t\t\t\t<\/div>\n\t\t\t\t<\/div>\n\t\t\t\t\t<\/div>\n\t\t<\/div>\n\t\t\t\t<div class=\"elementor-column elementor-col-50 elementor-inner-column elementor-element elementor-element-46ca249 animated-slow elementor-invisible\" data-id=\"46ca249\" data-element_type=\"column\" data-settings=\"{&quot;animation&quot;:&quot;fadeInDown&quot;,&quot;animation_delay&quot;:8}\">\n\t\t\t<div class=\"elementor-widget-wrap elementor-element-populated\">\n\t\t\t\t\t\t<div class=\"elementor-element elementor-element-59424a7 elementor-widget elementor-widget-text-editor\" data-id=\"59424a7\" data-element_type=\"widget\" data-widget_type=\"text-editor.default\">\n\t\t\t\t<div class=\"elementor-widget-container\">\n\t\t\t\t\t\t\t\t\t<p><strong>Inventiveness<\/strong>, this is a characteristic of our activity. We try to think in an unconventional and non-standard way to make your impressions and experiences exceptional and unique.<\/p>\t\t\t\t\t\t\t\t<\/div>\n\t\t\t\t<\/div>\n\t\t\t\t\t<\/div>\n\t\t<\/div>\n\t\t\t\t\t<\/div>\n\t\t<\/section>\n\t\t\t\t<section class=\"elementor-section elementor-inner-section elementor-element elementor-element-2ada953 elementor-section-boxed elementor-section-height-default elementor-section-height-default\" data-id=\"2ada953\" data-element_type=\"section\">\n\t\t\t\t\t\t<div class=\"elementor-container elementor-column-gap-default\">\n\t\t\t\t\t<div class=\"elementor-column elementor-col-50 elementor-inner-column elementor-element elementor-element-0ea9fe6 animated-slow elementor-invisible\" data-id=\"0ea9fe6\" data-element_type=\"column\" data-settings=\"{&quot;animation&quot;:&quot;fadeInDown&quot;,&quot;animation_delay&quot;:6}\">\n\t\t\t<div class=\"elementor-widget-wrap elementor-element-populated\">\n\t\t\t\t\t\t<div class=\"elementor-element elementor-element-2156219 elementor-widget elementor-widget-text-editor\" data-id=\"2156219\" data-element_type=\"widget\" data-widget_type=\"text-editor.default\">\n\t\t\t\t<div class=\"elementor-widget-container\">\n\t\t\t\t\t\t\t\t\t<p><strong>Liability<\/strong> is one of our major principles. We recommend and suggest things that have been checked\u00a0and tested by us.<\/p>\t\t\t\t\t\t\t\t<\/div>\n\t\t\t\t<\/div>\n\t\t\t\t\t<\/div>\n\t\t<\/div>\n\t\t\t\t<div class=\"elementor-column elementor-col-50 elementor-inner-column elementor-element elementor-element-7530707 animated-slow elementor-invisible\" data-id=\"7530707\" data-element_type=\"column\" data-settings=\"{&quot;animation&quot;:&quot;fadeInDown&quot;,&quot;animation_delay&quot;:8}\">\n\t\t\t<div class=\"elementor-widget-wrap elementor-element-populated\">\n\t\t\t\t\t\t<div class=\"elementor-element elementor-element-6b4fbbb elementor-widget elementor-widget-text-editor\" data-id=\"6b4fbbb\" data-element_type=\"widget\" data-widget_type=\"text-editor.default\">\n\t\t\t\t<div class=\"elementor-widget-container\">\n\t\t\t\t\t\t\t\t\t<p><strong>Safety<\/strong> is the basis which applies always and everywhere and we have necessary documents and\u00a0certificates.<\/p>\t\t\t\t\t\t\t\t<\/div>\n\t\t\t\t<\/div>\n\t\t\t\t\t<\/div>\n\t\t<\/div>\n\t\t\t\t\t<\/div>\n\t\t<\/section>\n\t\t\t\t<section class=\"elementor-section elementor-inner-section elementor-element elementor-element-995d70a elementor-section-boxed elementor-section-height-default elementor-section-height-default\" data-id=\"995d70a\" data-element_type=\"section\">\n\t\t\t\t\t\t<div class=\"elementor-container elementor-column-gap-default\">\n\t\t\t\t\t<div class=\"elementor-column elementor-col-50 elementor-inner-column elementor-element elementor-element-0dfb669 animated-slow elementor-invisible\" data-id=\"0dfb669\" data-element_type=\"column\" data-settings=\"{&quot;animation&quot;:&quot;fadeInDown&quot;,&quot;animation_delay&quot;:6}\">\n\t\t\t<div class=\"elementor-widget-wrap elementor-element-populated\">\n\t\t\t\t\t\t<div class=\"elementor-element elementor-element-1175135 elementor-widget elementor-widget-text-editor\" data-id=\"1175135\" data-element_type=\"widget\" data-widget_type=\"text-editor.default\">\n\t\t\t\t<div class=\"elementor-widget-container\">\n\t\t\t\t\t\t\t\t\t<p>We would like to ensure both physical and mental <strong>comfort<\/strong> to you during our joint projects.<\/p>\t\t\t\t\t\t\t\t<\/div>\n\t\t\t\t<\/div>\n\t\t\t\t\t<\/div>\n\t\t<\/div>\n\t\t\t\t<div class=\"elementor-column elementor-col-50 elementor-inner-column elementor-element elementor-element-b5b833e animated-slow elementor-invisible\" data-id=\"b5b833e\" data-element_type=\"column\" data-settings=\"{&quot;animation&quot;:&quot;fadeInDown&quot;,&quot;animation_delay&quot;:8}\">\n\t\t\t<div class=\"elementor-widget-wrap elementor-element-populated\">\n\t\t\t\t\t\t<div class=\"elementor-element elementor-element-ca43cdc elementor-widget elementor-widget-text-editor\" data-id=\"ca43cdc\" data-element_type=\"widget\" data-widget_type=\"text-editor.default\">\n\t\t\t\t<div class=\"elementor-widget-container\">\n\t\t\t\t\t\t\t\t\t<p>While creating our projects, we try to prepare the most <strong>flexible offer<\/strong> possible to satisfy even the\u00a0fussiest persons.<\/p>\t\t\t\t\t\t\t\t<\/div>\n\t\t\t\t<\/div>\n\t\t\t\t\t<\/div>\n\t\t<\/div>\n\t\t\t\t\t<\/div>\n\t\t<\/section>\n\t\t\t\t\t<\/div>\n\t\t<\/div>\n\t\t\t\t\t<\/div>\n\t\t<\/section>\n\t\t\t\t<\/div>\n\t\t","protected":false},"excerpt":{"rendered":"<p>My activity focuses on individual tourism or travelling in small groups, which guarantees a safe and\u00a0cosy atmosphere, which is very important nowadays. contact us Professionalism in the preparation of travel\/events thanks to my very good knowledge of the\u00a0realities of Croatia, long-lasting education in that country, cooperation and relationships with local\u00a0partners and various service suppliers. Your [&hellip;]<\/p>\n","protected":false},"author":1,"featured_media":0,"parent":0,"menu_order":0,"comment_status":"closed","ping_status":"closed","template":"elementor_header_footer","meta":{"footnotes":""},"yoast_head":"<!-- This site is optimized with the Yoast SEO plugin v21.8 - https:\/\/yoast.com\/wordpress\/plugins\/seo\/ -->\n<title>Why us? - Crodestination<\/title>\n<meta name=\"robots\" content=\"index, follow, max-snippet:-1, max-image-preview:large, max-video-preview:-1\" \/>\n<link rel=\"canonical\" href=\"https:\/\/crodestination.pl\/en\/dlaczego-my\/\" \/>\n<meta property=\"og:locale\" content=\"en_US\" \/>\n<meta property=\"og:type\" content=\"article\" \/>\n<meta property=\"og:title\" content=\"Why us? - Crodestination\" \/>\n<meta property=\"og:description\" content=\"My activity focuses on individual tourism or travelling in small groups, which guarantees a safe and\u00a0cosy atmosphere, which is very important nowadays. contact us Professionalism in the preparation of travel\/events thanks to my very good knowledge of the\u00a0realities of Croatia, long-lasting education in that country, cooperation and relationships with local\u00a0partners and various service suppliers. Your [&hellip;]\" \/>\n<meta property=\"og:url\" content=\"https:\/\/crodestination.pl\/dlaczego-my\/\" \/>\n<meta property=\"og:site_name\" content=\"Crodestination\" \/>\n<meta property=\"article:modified_time\" content=\"2020-12-09T18:24:57+00:00\" \/>\n<meta property=\"og:image\" content=\"https:\/\/crodestination.pl\/wp-content\/uploads\/2020\/12\/2-6-scaled.jpg\" \/>\n<meta name=\"twitter:card\" content=\"summary_large_image\" \/>\n<meta name=\"twitter:label1\" content=\"Est. reading time\" \/>\n\t<meta name=\"twitter:data1\" content=\"1 minute\" \/>\n<script type=\"application\/ld+json\" class=\"yoast-schema-graph\">{\"@context\":\"https:\/\/schema.org\",\"@graph\":[{\"@type\":\"WebPage\",\"@id\":\"https:\/\/crodestination.pl\/dlaczego-my\/\",\"url\":\"https:\/\/crodestination.pl\/dlaczego-my\/\",\"name\":\"Why us? - Crodestination\",\"isPartOf\":{\"@id\":\"https:\/\/crodestination.pl\/#website\"},\"datePublished\":\"2020-12-04T17:07:56+00:00\",\"dateModified\":\"2020-12-09T18:24:57+00:00\",\"breadcrumb\":{\"@id\":\"https:\/\/crodestination.pl\/dlaczego-my\/#breadcrumb\"},\"inLanguage\":\"en-US\",\"potentialAction\":[{\"@type\":\"ReadAction\",\"target\":[\"https:\/\/crodestination.pl\/dlaczego-my\/\"]}]},{\"@type\":\"BreadcrumbList\",\"@id\":\"https:\/\/crodestination.pl\/dlaczego-my\/#breadcrumb\",\"itemListElement\":[{\"@type\":\"ListItem\",\"position\":1,\"name\":\"Strona g\u0142\u00f3wna\",\"item\":\"https:\/\/crodestination.pl\/\"},{\"@type\":\"ListItem\",\"position\":2,\"name\":\"Why us?\"}]},{\"@type\":\"WebSite\",\"@id\":\"https:\/\/crodestination.pl\/#website\",\"url\":\"https:\/\/crodestination.pl\/\",\"name\":\"Crodestination\",\"description\":\"Zapraszamy na wsp\u00f3lne podr\u00f3\u017ce do Chorwacji.\",\"potentialAction\":[{\"@type\":\"SearchAction\",\"target\":{\"@type\":\"EntryPoint\",\"urlTemplate\":\"https:\/\/crodestination.pl\/?s={search_term_string}\"},\"query-input\":\"required name=search_term_string\"}],\"inLanguage\":\"en-US\"}]}<\/script>\n<!-- \/ Yoast SEO plugin. -->","yoast_head_json":{"title":"Why us? - Crodestination","robots":{"index":"index","follow":"follow","max-snippet":"max-snippet:-1","max-image-preview":"max-image-preview:large","max-video-preview":"max-video-preview:-1"},"canonical":"https:\/\/crodestination.pl\/en\/dlaczego-my\/","og_locale":"en_US","og_type":"article","og_title":"Why us? - Crodestination","og_description":"My activity focuses on individual tourism or travelling in small groups, which guarantees a safe and\u00a0cosy atmosphere, which is very important nowadays. contact us Professionalism in the preparation of travel\/events thanks to my very good knowledge of the\u00a0realities of Croatia, long-lasting education in that country, cooperation and relationships with local\u00a0partners and various service suppliers. Your [&hellip;]","og_url":"https:\/\/crodestination.pl\/dlaczego-my\/","og_site_name":"Crodestination","article_modified_time":"2020-12-09T18:24:57+00:00","og_image":[{"url":"https:\/\/crodestination.pl\/wp-content\/uploads\/2020\/12\/2-6-scaled.jpg"}],"twitter_card":"summary_large_image","twitter_misc":{"Est. reading time":"1 minute"},"schema":{"@context":"https:\/\/schema.org","@graph":[{"@type":"WebPage","@id":"https:\/\/crodestination.pl\/dlaczego-my\/","url":"https:\/\/crodestination.pl\/dlaczego-my\/","name":"Why us? - Crodestination","isPartOf":{"@id":"https:\/\/crodestination.pl\/#website"},"datePublished":"2020-12-04T17:07:56+00:00","dateModified":"2020-12-09T18:24:57+00:00","breadcrumb":{"@id":"https:\/\/crodestination.pl\/dlaczego-my\/#breadcrumb"},"inLanguage":"en-US","potentialAction":[{"@type":"ReadAction","target":["https:\/\/crodestination.pl\/dlaczego-my\/"]}]},{"@type":"BreadcrumbList","@id":"https:\/\/crodestination.pl\/dlaczego-my\/#breadcrumb","itemListElement":[{"@type":"ListItem","position":1,"name":"Strona g\u0142\u00f3wna","item":"https:\/\/crodestination.pl\/"},{"@type":"ListItem","position":2,"name":"Why us?"}]},{"@type":"WebSite","@id":"https:\/\/crodestination.pl\/#website","url":"https:\/\/crodestination.pl\/","name":"Crodestination","description":"Zapraszamy na wsp\u00f3lne podr\u00f3\u017ce do Chorwacji.","potentialAction":[{"@type":"SearchAction","target":{"@type":"EntryPoint","urlTemplate":"https:\/\/crodestination.pl\/?s={search_term_string}"},"query-input":"required name=search_term_string"}],"inLanguage":"en-US"}]}},"_links":{"self":[{"href":"https:\/\/crodestination.pl\/en\/wp-json\/wp\/v2\/pages\/566"}],"collection":[{"href":"https:\/\/crodestination.pl\/en\/wp-json\/wp\/v2\/pages"}],"about":[{"href":"https:\/\/crodestination.pl\/en\/wp-json\/wp\/v2\/types\/page"}],"author":[{"embeddable":true,"href":"https:\/\/crodestination.pl\/en\/wp-json\/wp\/v2\/users\/1"}],"replies":[{"embeddable":true,"href":"https:\/\/crodestination.pl\/en\/wp-json\/wp\/v2\/comments?post=566"}],"version-history":[{"count":20,"href":"https:\/\/crodestination.pl\/en\/wp-json\/wp\/v2\/pages\/566\/revisions"}],"predecessor-version":[{"id":1191,"href":"https:\/\/crodestination.pl\/en\/wp-json\/wp\/v2\/pages\/566\/revisions\/1191"}],"wp:attachment":[{"href":"https:\/\/crodestination.pl\/en\/wp-json\/wp\/v2\/media?parent=566"}],"curies":[{"name":"wp","href":"https:\/\/api.w.org\/{rel}","templated":true}]}}