{"id":1267,"date":"2020-12-09T19:51:25","date_gmt":"2020-12-09T18:51:25","guid":{"rendered":"https:\/\/crodestination.pl\/?page_id=1267"},"modified":"2020-12-21T22:18:15","modified_gmt":"2020-12-21T21:18:15","slug":"privacy-policy","status":"publish","type":"page","link":"https:\/\/crodestination.pl\/en\/privacy-policy\/","title":{"rendered":"Privacy policy"},"content":{"rendered":"\t\t<div data-elementor-type=\"wp-page\" data-elementor-id=\"1267\" class=\"elementor elementor-1267\" data-elementor-post-type=\"page\">\n\t\t\t\t\t\t<section class=\"elementor-section elementor-top-section elementor-element elementor-element-64fd2e3 elementor-section-boxed elementor-section-height-default elementor-section-height-default\" data-id=\"64fd2e3\" data-element_type=\"section\">\n\t\t\t\t\t\t<div class=\"elementor-container elementor-column-gap-default\">\n\t\t\t\t\t<div class=\"elementor-column elementor-col-33 elementor-top-column elementor-element elementor-element-3d1bec3 elementor-invisible\" data-id=\"3d1bec3\" data-element_type=\"column\" data-settings=\"{&quot;animation&quot;:&quot;fadeInLeft&quot;}\">\n\t\t\t<div class=\"elementor-widget-wrap elementor-element-populated\">\n\t\t\t\t\t\t<div class=\"elementor-element elementor-element-64c9ee5 elementor-widget__width-auto elementor-widget elementor-widget-heading\" data-id=\"64c9ee5\" data-element_type=\"widget\" data-widget_type=\"heading.default\">\n\t\t\t\t<div class=\"elementor-widget-container\">\n\t\t\t\t\t<h2 class=\"elementor-heading-title elementor-size-default\">Cookie<br>policy<\/h2>\t\t\t\t<\/div>\n\t\t\t\t<\/div>\n\t\t\t\t\t<\/div>\n\t\t<\/div>\n\t\t\t\t<div class=\"elementor-column elementor-col-66 elementor-top-column elementor-element elementor-element-7c35255 elementor-invisible\" data-id=\"7c35255\" data-element_type=\"column\" data-settings=\"{&quot;animation&quot;:&quot;fadeInRight&quot;}\">\n\t\t\t<div class=\"elementor-widget-wrap elementor-element-populated\">\n\t\t\t\t\t\t<div class=\"elementor-element elementor-element-9c812d4 elementor-widget elementor-widget-text-editor\" data-id=\"9c812d4\" data-element_type=\"widget\" data-widget_type=\"text-editor.default\">\n\t\t\t\t<div class=\"elementor-widget-container\">\n\t\t\t\t\t\t\t\t\t<p>In order to provide you the best experience of our site, and to make the site work properly, this site saves on your computer a small amount of information (cookies). By using the site <a href=\"http:\/\/www.crodestination.pl\/\" target=\"_blank\" rel=\"noopener\" data-saferedirecturl=\"https:\/\/www.google.com\/url?q=http:\/\/www.crodestination.pl&amp;source=gmail&amp;ust=1608668771410000&amp;usg=AFQjCNFau1zzj3zYeKPB9OykLea83EHqyA\">www.crodestination.pl<\/a>, you agree to the use of cookies. By blocking cookies, you can still browse the site, but some of its functionality will not be available to you.<\/p><p>What is a cookie?<\/p><p>A cookie is information stored on your computer by the website you visit. Cookies allow the website to display information that is tailored to your needs. They usually store your settings and preferences for the website, such as preferred language, e-mail address or password. Later, when you re-open the same website, the browser sends back cookies that belong to this site.<\/p><p>Also, they make it possible for us to measure the number of visitors and sources of traffic on our website, and as a result, we are able to improve the performance of our site.<\/p><p>All the information collected by the cookies, is accumulated and stays anonymous. This information allows us to monitor the effectiveness of the websites and is not shared with any other parties.<\/p><p>All this information can be saved only if you enable it &#8211; websites cannot get access to the information that you have not given them, and they cannot access other data on your computer.<\/p><p>Disabling cookies<\/p><p>By turning off cookies, you decide whether you want to allow the storage of cookies on your computer. Cookies settings can be controlled and configurated in your web browser. If you disable cookies, you will not be able to use some of the functionality on our website.<\/p><p>\u00a0<\/p>\t\t\t\t\t\t\t\t<\/div>\n\t\t\t\t<\/div>\n\t\t\t\t\t<\/div>\n\t\t<\/div>\n\t\t\t\t\t<\/div>\n\t\t<\/section>\n\t\t\t\t<\/div>\n\t\t","protected":false},"excerpt":{"rendered":"<p>Cookiepolicy In order to provide you the best experience of our site, and to make the site work properly, this site saves on your computer a small amount of information (cookies). By using the site www.crodestination.pl, you agree to the use of cookies. By blocking cookies, you can still browse the site, but some of [&hellip;]<\/p>\n","protected":false},"author":1,"featured_media":0,"parent":0,"menu_order":0,"comment_status":"closed","ping_status":"closed","template":"elementor_header_footer","meta":{"footnotes":""},"yoast_head":"<!-- This site is optimized with the Yoast SEO plugin v21.8 - https:\/\/yoast.com\/wordpress\/plugins\/seo\/ -->\n<title>Privacy policy - Crodestination<\/title>\n<meta name=\"robots\" content=\"index, follow, max-snippet:-1, max-image-preview:large, max-video-preview:-1\" \/>\n<link rel=\"canonical\" href=\"https:\/\/crodestination.pl\/en\/polityka-prywatnosci\/\" \/>\n<meta property=\"og:locale\" content=\"en_US\" \/>\n<meta property=\"og:type\" content=\"article\" \/>\n<meta property=\"og:title\" content=\"Privacy policy - Crodestination\" \/>\n<meta property=\"og:description\" content=\"Cookiepolicy In order to provide you the best experience of our site, and to make the site work properly, this site saves on your computer a small amount of information (cookies). By using the site www.crodestination.pl, you agree to the use of cookies. By blocking cookies, you can still browse the site, but some of [&hellip;]\" \/>\n<meta property=\"og:url\" content=\"https:\/\/crodestination.pl\/polityka-prywatnosci\/\" \/>\n<meta property=\"og:site_name\" content=\"Crodestination\" \/>\n<meta property=\"article:modified_time\" content=\"2020-12-21T21:18:15+00:00\" \/>\n<meta name=\"twitter:card\" content=\"summary_large_image\" \/>\n<meta name=\"twitter:label1\" content=\"Est. reading time\" \/>\n\t<meta name=\"twitter:data1\" content=\"1 minute\" \/>\n<script type=\"application\/ld+json\" class=\"yoast-schema-graph\">{\"@context\":\"https:\/\/schema.org\",\"@graph\":[{\"@type\":\"WebPage\",\"@id\":\"https:\/\/crodestination.pl\/polityka-prywatnosci\/\",\"url\":\"https:\/\/crodestination.pl\/polityka-prywatnosci\/\",\"name\":\"Privacy policy - Crodestination\",\"isPartOf\":{\"@id\":\"https:\/\/crodestination.pl\/#website\"},\"datePublished\":\"2020-12-09T18:51:25+00:00\",\"dateModified\":\"2020-12-21T21:18:15+00:00\",\"breadcrumb\":{\"@id\":\"https:\/\/crodestination.pl\/polityka-prywatnosci\/#breadcrumb\"},\"inLanguage\":\"en-US\",\"potentialAction\":[{\"@type\":\"ReadAction\",\"target\":[\"https:\/\/crodestination.pl\/polityka-prywatnosci\/\"]}]},{\"@type\":\"BreadcrumbList\",\"@id\":\"https:\/\/crodestination.pl\/polityka-prywatnosci\/#breadcrumb\",\"itemListElement\":[{\"@type\":\"ListItem\",\"position\":1,\"name\":\"Strona g\u0142\u00f3wna\",\"item\":\"https:\/\/crodestination.pl\/\"},{\"@type\":\"ListItem\",\"position\":2,\"name\":\"Privacy policy\"}]},{\"@type\":\"WebSite\",\"@id\":\"https:\/\/crodestination.pl\/#website\",\"url\":\"https:\/\/crodestination.pl\/\",\"name\":\"Crodestination\",\"description\":\"Zapraszamy na wsp\u00f3lne podr\u00f3\u017ce do Chorwacji.\",\"potentialAction\":[{\"@type\":\"SearchAction\",\"target\":{\"@type\":\"EntryPoint\",\"urlTemplate\":\"https:\/\/crodestination.pl\/?s={search_term_string}\"},\"query-input\":\"required name=search_term_string\"}],\"inLanguage\":\"en-US\"}]}<\/script>\n<!-- \/ Yoast SEO plugin. -->","yoast_head_json":{"title":"Privacy policy - Crodestination","robots":{"index":"index","follow":"follow","max-snippet":"max-snippet:-1","max-image-preview":"max-image-preview:large","max-video-preview":"max-video-preview:-1"},"canonical":"https:\/\/crodestination.pl\/en\/polityka-prywatnosci\/","og_locale":"en_US","og_type":"article","og_title":"Privacy policy - Crodestination","og_description":"Cookiepolicy In order to provide you the best experience of our site, and to make the site work properly, this site saves on your computer a small amount of information (cookies). By using the site www.crodestination.pl, you agree to the use of cookies. By blocking cookies, you can still browse the site, but some of [&hellip;]","og_url":"https:\/\/crodestination.pl\/polityka-prywatnosci\/","og_site_name":"Crodestination","article_modified_time":"2020-12-21T21:18:15+00:00","twitter_card":"summary_large_image","twitter_misc":{"Est. reading time":"1 minute"},"schema":{"@context":"https:\/\/schema.org","@graph":[{"@type":"WebPage","@id":"https:\/\/crodestination.pl\/polityka-prywatnosci\/","url":"https:\/\/crodestination.pl\/polityka-prywatnosci\/","name":"Privacy policy - Crodestination","isPartOf":{"@id":"https:\/\/crodestination.pl\/#website"},"datePublished":"2020-12-09T18:51:25+00:00","dateModified":"2020-12-21T21:18:15+00:00","breadcrumb":{"@id":"https:\/\/crodestination.pl\/polityka-prywatnosci\/#breadcrumb"},"inLanguage":"en-US","potentialAction":[{"@type":"ReadAction","target":["https:\/\/crodestination.pl\/polityka-prywatnosci\/"]}]},{"@type":"BreadcrumbList","@id":"https:\/\/crodestination.pl\/polityka-prywatnosci\/#breadcrumb","itemListElement":[{"@type":"ListItem","position":1,"name":"Strona g\u0142\u00f3wna","item":"https:\/\/crodestination.pl\/"},{"@type":"ListItem","position":2,"name":"Privacy policy"}]},{"@type":"WebSite","@id":"https:\/\/crodestination.pl\/#website","url":"https:\/\/crodestination.pl\/","name":"Crodestination","description":"Zapraszamy na wsp\u00f3lne podr\u00f3\u017ce do Chorwacji.","potentialAction":[{"@type":"SearchAction","target":{"@type":"EntryPoint","urlTemplate":"https:\/\/crodestination.pl\/?s={search_term_string}"},"query-input":"required name=search_term_string"}],"inLanguage":"en-US"}]}},"_links":{"self":[{"href":"https:\/\/crodestination.pl\/en\/wp-json\/wp\/v2\/pages\/1267"}],"collection":[{"href":"https:\/\/crodestination.pl\/en\/wp-json\/wp\/v2\/pages"}],"about":[{"href":"https:\/\/crodestination.pl\/en\/wp-json\/wp\/v2\/types\/page"}],"author":[{"embeddable":true,"href":"https:\/\/crodestination.pl\/en\/wp-json\/wp\/v2\/users\/1"}],"replies":[{"embeddable":true,"href":"https:\/\/crodestination.pl\/en\/wp-json\/wp\/v2\/comments?post=1267"}],"version-history":[{"count":10,"href":"https:\/\/crodestination.pl\/en\/wp-json\/wp\/v2\/pages\/1267\/revisions"}],"predecessor-version":[{"id":1579,"href":"https:\/\/crodestination.pl\/en\/wp-json\/wp\/v2\/pages\/1267\/revisions\/1579"}],"wp:attachment":[{"href":"https:\/\/crodestination.pl\/en\/wp-json\/wp\/v2\/media?parent=1267"}],"curies":[{"name":"wp","href":"https:\/\/api.w.org\/{rel}","templated":true}]}}